{"id":2536,"date":"2022-09-05T17:40:33","date_gmt":"2022-09-05T16:40:33","guid":{"rendered":"https:\/\/espg.space\/portfolio\/"},"modified":"2024-03-04T09:08:09","modified_gmt":"2024-03-04T09:08:09","slug":"science-parks","status":"publish","type":"page","link":"https:\/\/espg.space\/de\/science-parks\/","title":{"rendered":"Science Parks"},"content":{"rendered":"\n<div class=\"wp-block-cover is-light has-parallax\" style=\"min-height:300px;aspect-ratio:unset;\"><span aria-hidden=\"true\" class=\"wp-block-cover__background has-background-dim-10 has-background-dim\"><\/span><div role=\"img\" class=\"wp-block-cover__image-background wp-image-1270 has-parallax\" style=\"background-position:50% 50%;background-image:url(https:\/\/espg.space\/wp-content\/uploads\/2022\/09\/MicrosoftTeams-image-1-scaled-e1663861114672.jpg)\"><\/div><div class=\"wp-block-cover__inner-container is-layout-flow wp-block-cover-is-layout-flow\">\n<h1 class=\"wp-block-heading has-text-align-center has-large-font-size\">Science Parks<\/h1>\n<\/div><\/div>\n\n\n\n<div style=\"height:100px\" aria-hidden=\"true\" class=\"wp-block-spacer is-style-3xl\"><\/div>\n\n\n<div class=\"wp-bootstrap-blocks-container container mb-2\">\n\t\n<div class=\"wp-bootstrap-blocks-row row\">\n\t\n\n<div class=\"col-12 col-md-12\">\n\t\t\t\n\n<p>Unser Wissenschaftspark-Portfolio besteht aus 16 Liegenschaften. Der Wert der Liegenschaften betr\u00e4gt rund 220 Millionen Euro. Jeder Standort verf\u00fcgt \u00fcber Geb\u00e4ude und Einrichtungen, die auf die besonderen Bed\u00fcrfnisse der jeweiligen Mieter zugeschnitten sind. Dazu geh\u00f6ren unter anderem Reinr\u00e4ume und Labors. Die gewichtete durchschnittliche Restlaufzeit (WAULT) liegt bei mehr als f\u00fcnf Jahren. Dies schafft Transparenz und Stabilit\u00e4t f\u00fcr zuk\u00fcnftige Transaktionen sowie Sicherheit f\u00fcr Mieter und Investoren.<\/p>\n\n\t<\/div>\n\n<\/div>\n\n<\/div>\n\n\n\n<div style=\"height:100px\" aria-hidden=\"true\" class=\"wp-block-spacer is-style-3xl\"><\/div>\n\n\n\n\n<div class=\"sp-wrap\">\n    <div class=\"container\">\n\n\n\t<div class=\"row\">\n\n    \n    \n  <\/div>\n\n\n\n  <\/div>\n  <\/div>\n\n\n  \n\n\n<div style=\"height:100px\" aria-hidden=\"true\" class=\"wp-block-spacer\"><\/div>\n","protected":false},"excerpt":{"rendered":"","protected":false},"author":1,"featured_media":0,"parent":0,"menu_order":23,"comment_status":"closed","ping_status":"closed","template":"templates\/blank.php","meta":{"_acf_changed":false,"footnotes":""},"class_list":["post-2536","page","type-page","status-publish","hentry"],"acf":[],"featured_image_src":null,"_links":{"self":[{"href":"https:\/\/espg.space\/de\/wp-json\/wp\/v2\/pages\/2536","targetHints":{"allow":["GET"]}}],"collection":[{"href":"https:\/\/espg.space\/de\/wp-json\/wp\/v2\/pages"}],"about":[{"href":"https:\/\/espg.space\/de\/wp-json\/wp\/v2\/types\/page"}],"author":[{"embeddable":true,"href":"https:\/\/espg.space\/de\/wp-json\/wp\/v2\/users\/1"}],"replies":[{"embeddable":true,"href":"https:\/\/espg.space\/de\/wp-json\/wp\/v2\/comments?post=2536"}],"version-history":[{"count":8,"href":"https:\/\/espg.space\/de\/wp-json\/wp\/v2\/pages\/2536\/revisions"}],"predecessor-version":[{"id":5373,"href":"https:\/\/espg.space\/de\/wp-json\/wp\/v2\/pages\/2536\/revisions\/5373"}],"wp:attachment":[{"href":"https:\/\/espg.space\/de\/wp-json\/wp\/v2\/media?parent=2536"}],"curies":[{"name":"wp","href":"https:\/\/api.w.org\/{rel}","templated":true}]}}