{"id":2557,"date":"2022-08-16T09:39:05","date_gmt":"2022-08-16T08:39:05","guid":{"rendered":"https:\/\/espg.space\/contact\/"},"modified":"2025-08-28T11:31:19","modified_gmt":"2025-08-28T10:31:19","slug":"kontakt","status":"publish","type":"page","link":"https:\/\/espg.space\/de\/kontakt\/","title":{"rendered":"Kontakt"},"content":{"rendered":"\n\n\n<div style=\"height:100px\" aria-hidden=\"true\" class=\"wp-block-spacer\"><\/div>\n\n\n<div class=\"wp-bootstrap-blocks-container container mb-2\">\n\t\n<div class=\"wp-bootstrap-blocks-row row\">\n\t\n\n<div class=\"col-12 col-md-12\">\n\t\t\t\n\n<p class=\"has-text-color\" style=\"color:#564e65;font-size:25px;line-height:1.3\"><strong>Kontakt<\/strong><\/p>\n\n\t<\/div>\n\n<\/div>\n\n<\/div>\n\n\n<div class=\"wp-bootstrap-blocks-container container mb-2\">\n\t\n<div class=\"wp-bootstrap-blocks-row row\">\n\t\n\n<div class=\"col-12 col-md-6\">\n\t\t\t\n\n<p>Um Ihnen m\u00f6glichst schnell und kompetent eine Antwort geben zu k\u00f6nnen, w\u00e4hlen Sie bitte aus den verschiedenen Bereichen:<\/p>\n\n\n\n<div style=\"height:30px\" aria-hidden=\"true\" class=\"wp-block-spacer\"><\/div>\n\n\n\n<h5 class=\"wp-block-heading\">Angebote &amp; Expos\u00e9s<\/h5>\n\n\n\n<div style=\"height:15px\" aria-hidden=\"true\" class=\"wp-block-spacer\"><\/div>\n\n\n\n<p><a href=\"mailto:offers@espg.space\">offers@espg.space<\/a><\/p>\n\n\n\n<div style=\"height:30px\" aria-hidden=\"true\" class=\"wp-block-spacer\"><\/div>\n\n\n\n<h5 class=\"wp-block-heading\">Allgemeine Fragen<\/h5>\n\n\n\n<div style=\"height:15px\" aria-hidden=\"true\" class=\"wp-block-spacer\"><\/div>\n\n\n\n<p><a href=\"mailto:info@espg.space\">info@espg.space<\/a><\/p>\n\n\n\n<div style=\"height:30px\" aria-hidden=\"true\" class=\"wp-block-spacer\"><\/div>\n\n\n\n<h5 class=\"wp-block-heading\">Adresse<\/h5>\n\n\n\n<div style=\"height:15px\" aria-hidden=\"true\" class=\"wp-block-spacer\"><\/div>\n\n\n\n<p>Kleingedankstra\u00dfe 11a<br>50677 K\u00f6ln<\/p>\n\n\n\n<p>Tel.:  +49 221 801 498 00<br>Fax:  +49 221 801 498 11<\/p>\n\n\n\n<p><\/p>\n\n\n\n<p><\/p>\n\n\t<\/div>\n\n\n\n<div class=\"col-12 col-md-6\">\n\t\t\t\n\n<p class=\"has-text-color\" style=\"color:#988a86;font-size:18px\"><\/p>\n\n\n<form method=\"post\" class=\"acfe-form acf-form\" data-cid=\"69f1f359c8906\">\t<div id=\"acf-form-data\" class=\"acf-hidden\">\n\t\t<input type=\"hidden\" id=\"_acf_screen\" name=\"_acf_screen\" value=\"acfe_form\"\/><input type=\"hidden\" id=\"_acf_post_id\" name=\"_acf_post_id\" value=\"2557\"\/><input type=\"hidden\" id=\"_acf_validation\" name=\"_acf_validation\" value=\"1\"\/><input type=\"hidden\" id=\"_acf_form\" name=\"_acf_form\" value=\"a1ZUbXh6K1lNT1g4eENOUUM1NFNCeFJacTFGRHRyQ2tuQWVjR2ZyNXlBUU4velB5SFVtYm5xeWtZVTBWUUZEc280bWVKK0dSdFRIRzQ0MVltQ0RYOS9nbjNKNnVPcUlWSVJ3WnR3cUw4MkxBdWovbnJsYTZBblkxclViL3hGY2dJNk5GbXF3ZUpWemp5RkkvZzhNY0Q1b3VTZDNJZzVCRXdPSUd4N0thNDBLVEkvVy90Y2RNclp5OVI0ekdPUk8waTBjVXlIMjN2RzMzekhIa1VEK1lJeTNla3ZDVXNiNkhOUE5pVlorT216ZHNwdUhSQUxZcDBvbExoclRWT1YvNUxGekJIdzNLMDd2RmdRLy9xdEswN21NdWwwcTVYN2tRZlF2MnVHeDljRmFnbEM3VG8za2N3M2ErQXE2VVY4anptdTJQWmFieTVNb3lvMVV6bU1DbUtMN1VpZk1PQUdQbFI5M0Y5S0tSRUtKNzJCeFJXdTdYaE01YVZlWmNwZXhCNjUzeUtEQVI2alFQZUJUalFPRHJsMmdqb0FGbllzR1R5blVEQlJKVVVNeFRiSG9hYi9EUTBnRzlQMWFLc2hmdXA5MWVhMlgrWDA2RU9kWk9xOXJ6MUVtQ2JiWDM3T2VjSnRQYldZV3FpTTUxQkFxZGhaUUNkS1pOOHBsMHQ2dExSMXYwdE1Pa2N0UEtsZTdUbFNiVVNyK0FtL3J0YjRKcmR2YlJGZk5MZGExZkVTb21WdTFPSU9XWHczSTA0MWQxTURaNklSelBYeGsrVVJVSTlEQlVjT2dOSDZtbFFaNnJwc1NWVDVoL3JDZTRkYVFSQkZkcmxVQThEd1FvaUx6ZzdDN0VabnhoL3Zqb1R0alJ1K0RBMC9ycjZjVmNtaTg2WEEzOVhvT0lpOUxPMVlkOXdWSWJmZk1YZDBxRXpwUk5WRVlZTW5Sd1ZLOGRvQ0EzYTFEa3Y0NktqZG9VY2FJYkJnNS9aMVRNcjBkUEtEV1F0cTdyeDIyenRNZklDZWVtNllQaVpDWkxlaWJEM29MOEJTV2R5RWZiaUJhQnFOSEg2MTNBa213ZUhuM2wzS0syQU9kbjQxL3NRK1JYUVlROEZaZW9yUkxlVDJzZW12Qm1HckdiMFRmTTRqTTh1UW1oZW4vTnk2M0k1QjZTVjArMDU3UG12b3hYS3BrYS9ZbWVpRjFXdkFReXNzeGJrUmwrNkI1dThMY3VlVjU3Yk1YYTJhNUxsMzd5OGVxMTdBNEdxY3lpQ0tKQk9yUi8vL1M1YUxRV1Q1bFVHaTRkVS91clJMOG9EUWVaTit5eitSRkZTU2xHSlo1K3BMQnpzWWlFMzN1YTdsREtVZVcvbzVYc3NUUGxrQTF1N2lDMElpSjl6Y1pKejh2Z1E5blFXTTh4QUdLV1dnRVR5ckxkNVk4TTQ3U0dzVEt4eGsrQkdsbERKNkh0dEhxTWtEdmNQTE93OHRVZVhTNTZLMEppSDg3akRMd21jazM4YzMxODVaY25QWUVMb3drd1FvR1ZmeFZNbVVneFNlOVk2M2M1enkxZUYzc3F1YWM2NGovUm9uZmcvcmQ1YTJPalpoNVFwdWVVVGlOUUhmRGZWTHlUUitZbXZkcW8yaHA4VC9WcXptbmhLTVRvdGtuUWF5WGtBcWszNHVaMkpxR3h6Z3hqN2lQR2lnRHhpeXhPRUdiRXIxanZUeWJVVm8vTy9Jd3dTeVIzdTNUZTdCK25MektPVnhHY1Rtb3lHUldEb3lkb0FycG9XKzZrMVY1YWtGSWkwNFFIcWsrTzl0MG1SSnZXWWsxWEMvU3BGOWJCTXRuejZ0QTJyK0dJQ0p1bjFtV011NjMvYWNpYXFKOGcwYzZrZ25NWWlhQjV0Y0phK1BZYW5uNmdOT0U1RFVmaVBwbUFubm9lOTFvWnFwM2pRQlVFQUtyQ3pxNEl4WTltcTZVM2Z2ZER3T1VZbUZxZTBmd1M2KzJIR3JpOURxWTJXdWZ4R2dGY1JtTnlCUDJLQkNkK281QURNQVlHVlpDYnRUUDRVNFpscG9veU5RUHI2VzZ1Z2NyMHJtVU1DcWwxTUcxV2p0NG5lZEdYU1JkSnM5ajlNbFlta015NU9GMWV5S2VJNmJSdUQwb0FneTBzYTAwc3liUFpVdWVHMXFwY1drbThKbUF5UzdiMmhFQVVCTWRUSTlPYm5IcXBhR3JPaFVXOUE5SkJwSXMrRldxd1dscWNFVmZvUi96VUlyZ2RwU1NSYW5raHlSWHpweFJjbHVPeXcxa3pKWEQ5TkwxdkxkVDg1ejcxOjoPwks9HOxFMatLajElAdU9\"\/><input type=\"hidden\" id=\"_acf_nonce\" name=\"_acf_nonce\" value=\"dc9d64fe3c\"\/><input type=\"hidden\" id=\"_acf_changed\" name=\"_acf_changed\" value=\"0\"\/><input type=\"hidden\" id=\"_acf_location[post_id]\" name=\"_acf_location[post_id]\" value=\"2557\"\/>\t<\/div>\n\t<div class=\"acf-fields acf-form-fields -top\"><div class=\"acf-field acf-field-text acf-field--validate-email\" style=\"display:none !important;\" data-name=\"_validate_email\" data-type=\"text\" data-key=\"_validate_email\">\n<div class=\"acf-label\">\n<label for=\"acf-_validate_email\">E-Mail-Adresse best\u00e4tigen<\/label><\/div>\n<div class=\"acf-input\">\n<div class=\"acf-input-wrap\"><input type=\"text\" id=\"acf-_validate_email\" name=\"acf[_validate_email]\"\/><\/div><\/div>\n<\/div>\n<div class=\"acf-field acf-field-text acf-field-631f008dc5c6f\" data-name=\"name\" data-type=\"text\" data-key=\"field_631f008dc5c6f\">\n<div class=\"acf-label\">\n<label for=\"acf-field_631f008dc5c6f\">Name<\/label><\/div>\n<div class=\"acf-input\">\n<div class=\"acf-input-wrap\"><input type=\"text\" id=\"acf-field_631f008dc5c6f\" name=\"acf[field_631f008dc5c6f]\"\/><\/div><\/div>\n<\/div>\n<div class=\"acf-field acf-field-email acf-field-631f0096c5c70\" data-name=\"email\" data-type=\"email\" data-key=\"field_631f0096c5c70\">\n<div class=\"acf-label\">\n<label for=\"acf-field_631f0096c5c70\">Email<\/label><\/div>\n<div class=\"acf-input\">\n<div class=\"acf-input-wrap\"><input type=\"email\" id=\"acf-field_631f0096c5c70\" name=\"acf[field_631f0096c5c70]\"\/><\/div><\/div>\n<\/div>\n<div class=\"acf-field acf-field-textarea acf-field-631f009fc5c71\" data-name=\"message\" data-type=\"textarea\" data-key=\"field_631f009fc5c71\">\n<div class=\"acf-label\">\n<label for=\"acf-field_631f009fc5c71\">Message<\/label><\/div>\n<div class=\"acf-input\">\n<textarea id=\"acf-field_631f009fc5c71\" name=\"acf[field_631f009fc5c71]\" rows=\"8\"><\/textarea><\/div>\n<\/div>\n<\/div>            <div class=\"acf-form-submit\">\r\n                \r\n                <input type=\"submit\" class=\"btn btn-primary\" value=\"Absenden\" \/>                <span class=\"acf-spinner\"><\/span>\r\n            <\/div>\r\n        <\/form>\n\n\t<\/div>\n\n<\/div>\n\n<\/div>\n\n\n\n<div style=\"height:100px\" aria-hidden=\"true\" class=\"wp-block-spacer\"><\/div>\n","protected":false},"excerpt":{"rendered":"","protected":false},"author":1,"featured_media":0,"parent":0,"menu_order":57,"comment_status":"closed","ping_status":"closed","template":"templates\/blank.php","meta":{"_acf_changed":false,"footnotes":""},"class_list":["post-2557","page","type-page","status-publish","hentry"],"acf":[],"featured_image_src":null,"_links":{"self":[{"href":"https:\/\/espg.space\/de\/wp-json\/wp\/v2\/pages\/2557","targetHints":{"allow":["GET"]}}],"collection":[{"href":"https:\/\/espg.space\/de\/wp-json\/wp\/v2\/pages"}],"about":[{"href":"https:\/\/espg.space\/de\/wp-json\/wp\/v2\/types\/page"}],"author":[{"embeddable":true,"href":"https:\/\/espg.space\/de\/wp-json\/wp\/v2\/users\/1"}],"replies":[{"embeddable":true,"href":"https:\/\/espg.space\/de\/wp-json\/wp\/v2\/comments?post=2557"}],"version-history":[{"count":11,"href":"https:\/\/espg.space\/de\/wp-json\/wp\/v2\/pages\/2557\/revisions"}],"predecessor-version":[{"id":6097,"href":"https:\/\/espg.space\/de\/wp-json\/wp\/v2\/pages\/2557\/revisions\/6097"}],"wp:attachment":[{"href":"https:\/\/espg.space\/de\/wp-json\/wp\/v2\/media?parent=2557"}],"curies":[{"name":"wp","href":"https:\/\/api.w.org\/{rel}","templated":true}]}}