{"id":2571,"date":"2022-08-19T13:52:13","date_gmt":"2022-08-19T12:52:13","guid":{"rendered":"https:\/\/espg.space\/company\/advisory-board\/"},"modified":"2024-09-20T03:28:51","modified_gmt":"2024-09-20T02:28:51","slug":"advisory-board","status":"publish","type":"page","link":"https:\/\/espg.space\/de\/company\/advisory-board\/","title":{"rendered":"Aufsichtsrat"},"content":{"rendered":"\n<div class=\"wp-block-cover is-light has-parallax\" style=\"min-height:300px;aspect-ratio:unset;\"><span aria-hidden=\"true\" class=\"wp-block-cover__background has-background-dim-10 has-background-dim\"><\/span><div class=\"wp-block-cover__image-background wp-image-5268 has-parallax\" style=\"background-position:50% 50%;background-image:url(https:\/\/espg.space\/wp-content\/uploads\/2024\/02\/Wuerselen_Header_neu-scaled.jpg)\"><\/div><div class=\"wp-block-cover__inner-container is-layout-flow wp-block-cover-is-layout-flow\">\n<h1 class=\"wp-block-heading has-text-align-center has-large-font-size\">Aufsichtsrat<\/h1>\n<\/div><\/div>\n\n\n\n<div style=\"height:100px\" aria-hidden=\"true\" class=\"wp-block-spacer\"><\/div>\n\n\n<div class=\"wp-bootstrap-blocks-container container mb-2\">\n\t\n<div class=\"wp-bootstrap-blocks-row row\">\n\t\n\n<div class=\"col-12 col-md-12\">\n\t\t\t\n\n<p><\/p>\n\n\t<\/div>\n\n<\/div>\n\n<\/div>\n\n\n\n<div style=\"height:50px\" aria-hidden=\"true\" class=\"wp-block-spacer\"><\/div>\n\n\n<div class=\"wp-bootstrap-blocks-container container mb-2\">\n\t\n<div class=\"wp-bootstrap-blocks-row row\">\n\t\n\n<div class=\"col-12\">\n\t\t\t\n\n<div class=\"row\">\n\n\n\t\t<div class=\"col-md-4 profile-wrap mb-40\">\n      <img decoding=\"async\" class=\"img-fluid mb-40\" src=\"https:\/\/espg.space\/wp-content\/uploads\/2022\/09\/pers_krienen.jpg\">\n      <h3>Arndt Krienen<\/h3>\n      <p class=\"green-txt mb-20\" style=\"display:inline-block;\">Vorsitzender des Aufsichtsrats<\/p>\n      <div><p>Arndt Krienen war Gesch\u00e4ftsf\u00fchrer mehrerer Immobilienunternehmen und ist derzeit Mitglied des B\u00f6rsenrats der B\u00f6rse D\u00fcsseldorf.<\/p>\n<\/div>\n\n    <\/div>\n\n\n\n\t\t<div class=\"col-md-4 profile-wrap mb-40\">\n      <img decoding=\"async\" class=\"img-fluid mb-40\" src=\"https:\/\/espg.space\/wp-content\/uploads\/2022\/09\/pers_jonathan-elkington.png\">\n      <h3>Jonathan Elkington<\/h3>\n      <p class=\"green-txt mb-20\" style=\"display:inline-block;\">Stellv. Vorsitzender des Aufsichtsrats<\/p>\n      <div><p>Jonathan Elkington ist Partner und CEO von Real Estate Co-Investment bei Alvarium und verf\u00fcgt \u00fcber mehr als 20 Jahre Erfahrung im Bereich Principal und Private Investment.<\/p>\n<\/div>\n\n    <\/div>\n\n\n\n\t\t<div class=\"col-md-4 profile-wrap mb-40\">\n      <img decoding=\"async\" class=\"img-fluid mb-40\" src=\"https:\/\/espg.space\/wp-content\/uploads\/2022\/09\/Mark_Abramson.png\">\n      <h3>Mark Abramson<\/h3>\n      <p class=\"green-txt mb-20\" style=\"display:inline-block;\">Aufsichtsrat<\/p>\n      <div><p>Mark Abramson ist Berater f\u00fcr b\u00f6rsennotierte Immobiliengesellschaften in Sondersituationen und blickt auf \u00fcber 30 Jahre Erfahrung an den europ\u00e4ischen und globalen Aktienm\u00e4rkten zur\u00fcck.<\/p>\n<\/div>\n\n    <\/div>\n\n\n\n<\/div>\n\n\n\t<\/div>\n\n<\/div>\n\n<\/div>\n\n\n\n<div style=\"height:100px\" aria-hidden=\"true\" class=\"wp-block-spacer\"><\/div>\n","protected":false},"excerpt":{"rendered":"","protected":false},"author":1,"featured_media":0,"parent":2547,"menu_order":31,"comment_status":"closed","ping_status":"closed","template":"templates\/blank.php","meta":{"_acf_changed":false,"footnotes":""},"class_list":["post-2571","page","type-page","status-publish","hentry"],"acf":[],"featured_image_src":null,"_links":{"self":[{"href":"https:\/\/espg.space\/de\/wp-json\/wp\/v2\/pages\/2571","targetHints":{"allow":["GET"]}}],"collection":[{"href":"https:\/\/espg.space\/de\/wp-json\/wp\/v2\/pages"}],"about":[{"href":"https:\/\/espg.space\/de\/wp-json\/wp\/v2\/types\/page"}],"author":[{"embeddable":true,"href":"https:\/\/espg.space\/de\/wp-json\/wp\/v2\/users\/1"}],"replies":[{"embeddable":true,"href":"https:\/\/espg.space\/de\/wp-json\/wp\/v2\/comments?post=2571"}],"version-history":[{"count":9,"href":"https:\/\/espg.space\/de\/wp-json\/wp\/v2\/pages\/2571\/revisions"}],"predecessor-version":[{"id":5864,"href":"https:\/\/espg.space\/de\/wp-json\/wp\/v2\/pages\/2571\/revisions\/5864"}],"up":[{"embeddable":true,"href":"https:\/\/espg.space\/de\/wp-json\/wp\/v2\/pages\/2547"}],"wp:attachment":[{"href":"https:\/\/espg.space\/de\/wp-json\/wp\/v2\/media?parent=2571"}],"curies":[{"name":"wp","href":"https:\/\/api.w.org\/{rel}","templated":true}]}}