{"id":2589,"date":"2022-09-23T09:47:58","date_gmt":"2022-09-23T08:47:58","guid":{"rendered":"https:\/\/espg.space\/news-resources\/target-acquisition-criteria\/"},"modified":"2024-03-04T10:24:01","modified_gmt":"2024-03-04T10:24:01","slug":"target-acquisition-criteria","status":"publish","type":"page","link":"https:\/\/espg.space\/de\/news-resources\/target-acquisition-criteria\/","title":{"rendered":"Ankauf"},"content":{"rendered":"\n<div class=\"wp-block-cover has-parallax\" style=\"min-height:300px;aspect-ratio:unset;\"><span aria-hidden=\"true\" class=\"wp-block-cover__background has-background-dim-10 has-background-dim\"><\/span><div role=\"img\" class=\"wp-block-cover__image-background wp-image-5244 has-parallax\" style=\"background-position:50% 50%;background-image:url(https:\/\/espg.space\/wp-content\/uploads\/2024\/02\/NEU_145-scaled.jpg)\"><\/div><div class=\"wp-block-cover__inner-container is-layout-flow wp-block-cover-is-layout-flow\">\n<p class=\"has-text-align-center has-large-font-size\">Ankauf<\/p>\n<\/div><\/div>\n\n\n\n<div style=\"height:50px\" aria-hidden=\"true\" class=\"wp-block-spacer\"><\/div>\n\n\n<div class=\"wp-bootstrap-blocks-container container mb-2\">\n\t\n<div class=\"wp-bootstrap-blocks-row row\">\n\t\n\n<div class=\"col-12 col-md-12\">\n\t\t\t\n\n<p>Wir sind laufend auf der Suche nach geeigneten Gewerbeimmobilien, die das Potenzial haben, sich zu modernen Wissenschaftsparks zu entwickeln. Unser Ziel ist es, ein f\u00fchrendes Wissenschaftspark-Portfolio in Europa aufzubauen. Im Zuge des Ausbaus unseres Portfolios freuen wir uns auf Ihre Angebote. Unsere Ankaufskriterien auf einen Blick:<\/p>\n\n\n\n<div style=\"height:100px\" aria-hidden=\"true\" class=\"wp-block-spacer\"><\/div>\n\n\n\n<h3 class=\"wp-block-heading\"><span class=\"color-brand\">Akquisitionskriterien<\/span><\/h3>\n\n\n\n<div style=\"height:50px\" aria-hidden=\"true\" class=\"wp-block-spacer\"><\/div>\n\n\n\n<p><h4 class=\"wp-block-heading\"><span class=\"color-brand\">Fl\u00e4chennutzung<\/span><\/h4><\/p>\n\n\n\n<p><\/p>\n\n\n\n<p>Forschung und Entwicklung, die zumindest auf einem kleinen Teil der vermietbaren Fl\u00e4che durchgef\u00fchrt wird, wobei genehmigte Labors, Reinr\u00e4ume usw. bevorzugt werden. Alle Branchen kommen in Betracht &#8211; Gesundheitswesen und Klimawandeltechnik bevorzugt. <\/p>\n\n\n\n<div style=\"height:40px\" aria-hidden=\"true\" class=\"wp-block-spacer\"><\/div>\n\n\n\n<h4 class=\"wp-block-heading\"><span class=\"color-brand\">Potenzial des Campus-Konzept<\/span><\/h4>\n\n\n\n<p><\/p>\n\n\n\n<p>Ein wesentlicher Vorteil von Wissenschaftsparks ist die M\u00f6glichkeit der Zusammenarbeit von Mietern, die in \u00e4hnlichen Branchen t\u00e4tig sind, entweder im selben Geb\u00e4ude oder in unmittelbarer N\u00e4he.<\/p>\n\n\n\n<div style=\"height:40px\" aria-hidden=\"true\" class=\"wp-block-spacer\"><\/div>\n\n\n\n<h4 class=\"wp-block-heading\"><span class=\"color-brand\">Standort<\/span><\/h4>\n\n\n\n<p><\/p>\n\n\n\n<p>Wissenschaftsparks sollten in der N\u00e4he von Universit\u00e4ten oder Forschungsinstituten gelegen sein. Im Fokus sind regionale Marktf\u00fchrer und f\u00fchrende Metropolen. Eine lebendige Wissenschafts-Community gilt als Spiegelbild deutscher Standorte f\u00fcr den Mittelstand.<\/p>\n\n\n\n<div style=\"height:40px\" aria-hidden=\"true\" class=\"wp-block-spacer\"><\/div>\n\n\n\n<h4 class=\"wp-block-heading\"><span class=\"color-brand\">Profil<\/span><\/h4>\n\n\n\n<p><\/p>\n\n\n\n<p>Wertsch\u00f6pfungspotenziale wie Leerstand, kurzfristige Mietvertr\u00e4ge, Renovierungsbedarf, etc. sind f\u00fcr die ESPG attraktiv.<\/p>\n\n\n\n<div style=\"height:40px\" aria-hidden=\"true\" class=\"wp-block-spacer\"><\/div>\n\n\n\n<h4 class=\"wp-block-heading\"><span class=\"color-brand\">Gr\u00f6\u00dfe des Ankaufs<\/span><\/h4>\n\n\n\n<p><\/p>\n\n\n\n<p>Euro 20 Mio. bis Euro 100 Mio., bevorzugt Share Deal, Unternehmens\u00fcbernahmen, etc.<\/p>\n\n\n\n<div style=\"height:100px\" aria-hidden=\"true\" class=\"wp-block-spacer\"><\/div>\n\n\n\n<h3 class=\"wp-block-heading\"><span class=\"color-brand\">Akquisitionsprofil<\/span><\/h3>\n\n\n\n<div style=\"height:50px\" aria-hidden=\"true\" class=\"wp-block-spacer\"><\/div>\n\n\n\n<div class=\"wp-block-buttons is-layout-flex wp-block-buttons-is-layout-flex\"><\/div>\n\n\n\n<p><\/p>\n\n\n\n<p>Wir bitten Vermittler, mit denen wir noch nicht zusammenarbeiten, sich bei uns anzumelden. Wir schlie\u00dfen dann einen Rahmenvertrag ab, in dem die H\u00f6he und die Zahlungstermine Ihrer Provision festgelegt sind.<\/p>\n\n\n\n<p><\/p>\n\n\n\n<p>Bitte senden Sie Ihre Angebote ausschlie\u00dflich an:&nbsp;<a href=\"mailto:offers@espg.space\">offers@espg.space<\/a><\/p>\n\n\n\n<div style=\"height:50px\" aria-hidden=\"true\" class=\"wp-block-spacer\"><\/div>\n\n\n\n<p><\/p>\n\n\n\n<div class=\"wp-block-buttons is-layout-flex wp-block-buttons-is-layout-flex\">\n<div class=\"wp-block-button\"><a class=\"wp-block-button__link wp-element-button\" href=\"https:\/\/espg.space\/wp-content\/uploads\/2024\/01\/ESPG_Acquisition_Criteria_DE.pdf\">Download<\/a><\/div>\n<\/div>\n\n\t<\/div>\n\n<\/div>\n\n<\/div>\n\n\n\n<p><\/p>\n\n\n\n<div style=\"height:100px\" aria-hidden=\"true\" class=\"wp-block-spacer\"><\/div>\n","protected":false},"excerpt":{"rendered":"","protected":false},"author":1,"featured_media":0,"parent":2551,"menu_order":20,"comment_status":"closed","ping_status":"closed","template":"templates\/blank.php","meta":{"_acf_changed":false,"footnotes":""},"class_list":["post-2589","page","type-page","status-publish","hentry"],"acf":[],"featured_image_src":null,"_links":{"self":[{"href":"https:\/\/espg.space\/de\/wp-json\/wp\/v2\/pages\/2589","targetHints":{"allow":["GET"]}}],"collection":[{"href":"https:\/\/espg.space\/de\/wp-json\/wp\/v2\/pages"}],"about":[{"href":"https:\/\/espg.space\/de\/wp-json\/wp\/v2\/types\/page"}],"author":[{"embeddable":true,"href":"https:\/\/espg.space\/de\/wp-json\/wp\/v2\/users\/1"}],"replies":[{"embeddable":true,"href":"https:\/\/espg.space\/de\/wp-json\/wp\/v2\/comments?post=2589"}],"version-history":[{"count":22,"href":"https:\/\/espg.space\/de\/wp-json\/wp\/v2\/pages\/2589\/revisions"}],"predecessor-version":[{"id":5384,"href":"https:\/\/espg.space\/de\/wp-json\/wp\/v2\/pages\/2589\/revisions\/5384"}],"up":[{"embeddable":true,"href":"https:\/\/espg.space\/de\/wp-json\/wp\/v2\/pages\/2551"}],"wp:attachment":[{"href":"https:\/\/espg.space\/de\/wp-json\/wp\/v2\/media?parent=2589"}],"curies":[{"name":"wp","href":"https:\/\/api.w.org\/{rel}","templated":true}]}}