{"id":2609,"date":"2022-09-07T13:58:51","date_gmt":"2022-09-07T12:58:51","guid":{"rendered":"https:\/\/espg.space\/legal-notice\/"},"modified":"2024-07-16T09:51:29","modified_gmt":"2024-07-16T08:51:29","slug":"legal-notice","status":"publish","type":"page","link":"https:\/\/espg.space\/de\/legal-notice\/","title":{"rendered":"Impressum"},"content":{"rendered":"\n<div class=\"wp-block-cover is-light has-parallax parallax\" style=\"min-height:300px;aspect-ratio:unset;\"><span aria-hidden=\"true\" class=\"wp-block-cover__background has-background-dim-10 has-background-dim\"><\/span><div role=\"img\" class=\"wp-block-cover__image-background wp-image-5269 has-parallax\" style=\"background-position:50% 50%;background-image:url(https:\/\/espg.space\/wp-content\/uploads\/2024\/02\/Wuerselen_Header_neu-scaled.jpg)\"><\/div><div class=\"wp-block-cover__inner-container is-layout-flow wp-block-cover-is-layout-flow\"><h1 style=\"text-transform:uppercase;\" class=\"has-text-align-center wp-block-post-title has-text-color has-white-color\">Impressum<\/h1><\/div><\/div>\n\n\n\n<div style=\"height:100px\" aria-hidden=\"true\" class=\"wp-block-spacer\"><\/div>\n\n\n<div class=\"wp-bootstrap-blocks-container container mb-2\">\n\t\n<div class=\"wp-bootstrap-blocks-row row\">\n\t\n\n<div class=\"col-12 col-md-12\">\n\t\t\t\n\n<p>ESPG AG<br>Kleingedankstra\u00dfe 11a<br>50677 K\u00f6ln<\/p>\n\n\n\n<p>Registergericht<br>K\u00f6ln<br>HRB 91529<\/p>\n\n\n\n<p>Vorstand<br>Markus Drews<br>Dr. Ralf N\u00f6cker<\/p>\n\n\n\n<p>Aufsichtsrat<br>Arndt Krienen (Vorsitzender)<br>Jonathan Elkington (Stellv. Vorsitzender)<br>Mark Abramson<\/p>\n\n\n\n<p>VAT Nummer<br>DE291160297<\/p>\n\n\n\n<p>Inhaltlich verantwortlich gem\u00e4\u00df \u00a7 55 Rundfunk- und Telemedienstaatsvertrag (RStV)<br>Markus Drews<br>Dr. Ralf N\u00f6cker<\/p>\n\n\n\n<p>Kontakt<br>info@espg.space<\/p>\n\n\n\n<p>Bildrechte<br>Bilder des Managements: Sebastian Knoth Fotografie<br>Objektbilder und Videos: Silv Malkmus<\/p>\n\n\n\n<p>Hinweis<br>Trotz sorgf\u00e4ltiger inhaltlicher Kontrolle \u00fcbernehmen wir keine Haftung f\u00fcr die Inhalte externer Links. F\u00fcr den Inhalt der verlinkten Seiten sind ausschlie\u00dflich deren Betreiber verantwortlich.<\/p>\n\n\t<\/div>\n\n<\/div>\n\n<\/div>\n\n\n\n<div style=\"height:100px\" aria-hidden=\"true\" class=\"wp-block-spacer\"><\/div>\n","protected":false},"excerpt":{"rendered":"","protected":false},"author":1,"featured_media":0,"parent":0,"menu_order":59,"comment_status":"closed","ping_status":"closed","template":"templates\/blank.php","meta":{"_acf_changed":false,"footnotes":""},"class_list":["post-2609","page","type-page","status-publish","hentry"],"acf":[],"featured_image_src":null,"_links":{"self":[{"href":"https:\/\/espg.space\/de\/wp-json\/wp\/v2\/pages\/2609","targetHints":{"allow":["GET"]}}],"collection":[{"href":"https:\/\/espg.space\/de\/wp-json\/wp\/v2\/pages"}],"about":[{"href":"https:\/\/espg.space\/de\/wp-json\/wp\/v2\/types\/page"}],"author":[{"embeddable":true,"href":"https:\/\/espg.space\/de\/wp-json\/wp\/v2\/users\/1"}],"replies":[{"embeddable":true,"href":"https:\/\/espg.space\/de\/wp-json\/wp\/v2\/comments?post=2609"}],"version-history":[{"count":6,"href":"https:\/\/espg.space\/de\/wp-json\/wp\/v2\/pages\/2609\/revisions"}],"predecessor-version":[{"id":5793,"href":"https:\/\/espg.space\/de\/wp-json\/wp\/v2\/pages\/2609\/revisions\/5793"}],"wp:attachment":[{"href":"https:\/\/espg.space\/de\/wp-json\/wp\/v2\/media?parent=2609"}],"curies":[{"name":"wp","href":"https:\/\/api.w.org\/{rel}","templated":true}]}}