{"id":2611,"date":"2022-08-08T10:39:25","date_gmt":"2022-08-08T09:39:25","guid":{"rendered":"https:\/\/espg.space\/privacy-policy\/"},"modified":"2024-01-03T16:35:38","modified_gmt":"2024-01-03T16:35:38","slug":"privacy-policy","status":"publish","type":"page","link":"https:\/\/espg.space\/de\/privacy-policy\/","title":{"rendered":"Datenschutzrichtlinie"},"content":{"rendered":"\n<div class=\"wp-block-cover is-light has-parallax parallax\" style=\"min-height:300px;aspect-ratio:unset;\"><span aria-hidden=\"true\" class=\"wp-block-cover__background has-background-dim-10 has-background-dim\"><\/span><div role=\"img\" class=\"wp-block-cover__image-background wp-image-5269 has-parallax\" style=\"background-position:50% 50%;background-image:url(https:\/\/espg.space\/wp-content\/uploads\/2024\/02\/Wuerselen_Header_neu-scaled.jpg)\"><\/div><div class=\"wp-block-cover__inner-container is-layout-flow wp-block-cover-is-layout-flow\"><h1 style=\"text-transform:uppercase;\" class=\"has-text-align-center wp-block-post-title has-text-color has-white-color\">Datenschutzrichtlinie<\/h1><\/div><\/div>\n\n<div style=\"height:100px\" aria-hidden=\"true\" class=\"wp-block-spacer\"><\/div>\n<div class=\"wp-bootstrap-blocks-container container mb-2\">\n\t\n<div class=\"wp-bootstrap-blocks-row row\">\n\t\n\n<div class=\"col-12 col-md-12\">\n\t\t\t\n\n<p class=\"has-text-color\" style=\"color:#988a86;font-size:18px\"><strong>Allgemeiner Hinweis<\/strong><br\/>Die folgenden Hinweise geben einen \u00dcberblick dar\u00fcber, was mit Ihren personenbezogenen Daten passiert, wenn Sie unsere Website besuchen. All data that can be used to personally identify you is considered as personal data.<\/p>\n\n\n\n<p class=\"has-text-color\" style=\"color:#988a86;font-size:18px\">Nach \u00a738 BDSG &#8211; Bundesdatenschutzgesetz &#8211; (neue Fassung) in Verbindung mit Artikel 38 Absatz 1 DSGVO &#8211; Allgemeine Datenschutzverordnung &#8211; ist der Verantwortliche nicht verpflichtet, einen Datenschutzbeauftragten zu bestellen, wenn weniger als 10 Personen regelm\u00e4\u00dfig mit der automatisierten Verarbeitung von Daten besch\u00e4ftigt sind.<\/p>\n\n\n\n<p><\/p>\n\n\n\n<p class=\"has-text-color\" style=\"color:#988a86;font-size:18px\"><strong>Erfassung von Daten auf unserer Website<\/strong><br\/>Die Datenerhebung erfolgt durch unseren Websitebetreiber. Deren Kontaktdaten entnehmen Sie bitte dem Impressum dieser Website. Zum einen werden Ihre Daten erhoben, wenn Sie uns diese mitteilen. Zum anderen werden einige Daten beim Besuch unserer Website automatisch durch unsere IT-Systeme erfasst. Dabei handelt es sich vor allem um technische Daten. Die Erhebung dieser Daten wird beim Zugriff auf unsere Website automatisch verarbeitet. Ein Teil der Daten wird erhoben, um einen fehlerfreien Zugriff auf unsere Website zu erm\u00f6glichen. Andere Daten k\u00f6nnen zur Analyse des benutzerspezifischen Verhaltens verwendet werden. Sie haben jederzeit das Recht, unentgeltlich Auskunft \u00fcber Herkunft, Empf\u00e4nger und Zweck Ihrer gespeicherten Daten zu verlangen. Sie haben au\u00dferdem ein Recht auf Berichtigung, Sperrung und L\u00f6schung Ihrer gespeicherten Daten. Wenn Sie weitere Fragen oder Anmerkungen zum Datenschutz haben, k\u00f6nnen Sie sich jederzeit unter den im Impressum angegebenen Kontaktdaten an uns wenden. Dar\u00fcber hinaus haben Sie das Recht, sich bei der zust\u00e4ndigen Aufsichtsbeh\u00f6rde zu beschweren.<\/p>\n\n\n\n<p><\/p>\n\n\n\n<p class=\"has-text-color\" style=\"color:#988a86;font-size:18px\"><strong>Pers\u00f6nliche Daten<\/strong><br\/>Die Betreiber dieser Website nehmen den Schutz Ihrer pers\u00f6nlichen Daten sehr ernst. Wir behandeln Ihre personenbezogenen Daten vertraulich und entsprechend der gesetzlichen Datenschutzvorschriften sowie dieser Datenschutzerkl\u00e4rung. Beim Besuch unserer Website werden verschiedene personenbezogene Daten erhoben. Als personenbezogene Daten gelten alle Daten, mit denen Sie pers\u00f6nlich identifiziert werden k\u00f6nnen. Diese Datenschutzerkl\u00e4rung erl\u00e4utert, welche Daten wir erheben und wof\u00fcr wir sie verwenden. Sie erkl\u00e4rt auch, wie und zu welchem Zweck wir sie verwenden. Bitte beachten Sie, dass die Daten\u00fcbertragung im Internet mit Sicherheitsl\u00fccken behaftet sein kann. Ein l\u00fcckenloser Schutz der Daten vor dem Zugriff durch Dritte ist nicht m\u00f6glich.<\/p>\n\n\n\n<p class=\"has-text-color\" style=\"color:#988a86;font-size:18px\">Das folgende Unternehmen ist f\u00fcr die Datenverarbeitung auf dieser Website verantwortlich:<\/p>\n\n\n\n<p class=\"has-text-color\" style=\"color:#988a86;font-size:18px\">ESPG AG<br\/>Kleingedankstra\u00dfe 11a<br\/>50677 K\u00f6ln<\/p>\n\n\n\n<p class=\"has-text-color\" style=\"color:#988a86;font-size:18px\">Tel.: +49 221 801 498 00<br\/>Fax: +49 221 801 498 11<br\/>info@espg.space<\/p>\n\n\n\n<p class=\"has-text-color\" style=\"color:#988a86;font-size:18px\"><br\/><strong>Widerruf der Zustimmung zur Datenerhebung und -verarbeitung<\/strong><br\/>Viele Datenerhebungen sind nur mit Ihrer ausdr\u00fccklichen Zustimmung m\u00f6glich. Eine einmal erteilte Einwilligung k\u00f6nnen Sie jederzeit widerrufen. Hierf\u00fcr gen\u00fcgt eine formlose E-Mail. Die Rechtm\u00e4\u00dfigkeit der Datenverarbeitung bis zum Zeitpunkt des Widerrufs bleibt vom Widerruf unber\u00fchrt.<\/p>\n\n\n\n<p><\/p>\n\n\n\n<p class=\"has-text-color\" style=\"color:#988a86;font-size:18px\"><strong>Beschwerderecht bei der zust\u00e4ndigen Aufsichtsbeh\u00f6rde<\/strong><br\/>Im Falle eines Versto\u00dfes aus Datenschutzgr\u00fcnden kann sich der Betroffene bei der zust\u00e4ndigen Aufsichtsbeh\u00f6rde beschweren. Aufsichtsbeh\u00f6rde in datenschutzrechtlichen Fragen ist der Landesbeauftragte f\u00fcr den Datenschutz des Bundeslandes, in dem das Unternehmen seinen Sitz hat. Eine Liste der Datenschutzbeauftragten sowie deren Kontaktdaten k\u00f6nnen Sie dem folgenden Link entnehmen: https:\/\/www.bfdi.bund.de\/DE\/Infothek\/Anschriften_Links\/anschriften_links-node.html<\/p>\n\n\n\n<p><\/p>\n\n\n\n<p class=\"has-text-color\" style=\"color:#988a86;font-size:18px\"><strong>Recht auf Daten\u00fcbermittlung<\/strong><br\/>Sie oder ein von Ihnen beauftragter Dritter haben das Recht, die von uns erhobenen und verarbeiteten Daten &#8211; aufgrund einer Einwilligung oder eines Vertrages &#8211; in einem g\u00e4ngigen maschinenlesbaren Format zu erhalten. Sollten Sie die \u00dcbermittlung der Daten an einen anderen Verantwortlichen verlangen, so wird dies nur erfolgen, soweit dies technisch m\u00f6glich ist.<\/p>\n\n\n\n<p><\/p>\n\n\n\n<p class=\"has-text-color\" style=\"color:#988a86;font-size:18px\"><strong>Offenlegung, Aussetzung, Beseitigung<\/strong><br\/>Sie haben jederzeit das Recht, unentgeltlich Auskunft \u00fcber die zu Ihrer Person gespeicherten Daten, deren Herkunft, Empf\u00e4nger und Zweck zu verlangen. Zus\u00e4tzlich haben Sie jederzeit ein Recht auf Berichtigung, Sperrung und ggf. L\u00f6schung dieser Daten. Sollten Sie dar\u00fcber hinaus Fragen oder Anmerkungen zum Datenschutz haben, k\u00f6nnen Sie sich unter den Kontaktdaten im Impressum an uns wenden.<\/p>\n\n\n\n<p><\/p>\n\n\n\n<p class=\"has-text-color\" style=\"color:#988a86;font-size:18px\"><strong>Einspruch gegen unerw\u00fcnschte Werbe-E-Mails<\/strong><br\/>Der Nutzung unserer Kontaktdaten im Rahmen der Impressumspflicht wird hiermit ausdr\u00fccklich widersprochen. Wir behalten uns ausdr\u00fccklich rechtliche Schritte im Falle der unverlangten Zusendung von Werbeinformationen, insbesondere von Spam-Mails, vor.<\/p>\n\n\n\n<p><\/p>\n\n\n\n<p class=\"has-text-color\" style=\"color:#988a86;font-size:18px\"><strong>Secure Socket Layer-Verschl\u00fcsselung<\/strong><br\/>Diese Website verwendet aus Sicherheitsgr\u00fcnden einen Secure Socket Layer. Sie erkennen eine verschl\u00fcsselte Verbindung daran, dass das Adresspr\u00e4fix von &#8222;http:\/\/&#8220; auf &#8222;https:\/\/&#8220; wechselt und an dem Schloss-Symbol in Ihrer Browseradresse.<\/p>\n\n\n\n<p><\/p>\n\n\n\n<p class=\"has-text-color\" style=\"color:#988a86;font-size:18px\"><strong>Newsletter Daten<\/strong><br\/>Wenn Sie den auf der Webseite angebotenen Newsletter beziehen m\u00f6chten, ben\u00f6tigen wir von Ihnen eine E-Mail-Adresse sowie Informationen, welche uns die \u00dcberpr\u00fcfung gestatten, dass Sie der Inhaber der angegebenen E-Mail-Adresse sind und mit dem Empfang des Newsletters einverstanden sind. Weitere Daten werden nicht erhoben, es sei denn, sie werden freiwillig \u00fcbermittelt. Diese Daten werden ausschlie\u00dflich f\u00fcr die \u00dcbermittlung der angeforderten Informationen verwendet. Wir geben diese Daten nicht weiter. Die Verarbeitung der Daten aus der Newsletter-Anmeldung erfolgt ausschlie\u00dflich auf Grundlage Ihrer Einwilligung gem. Art. 6 S. 1 lit. a DSGVO &#8211; General Data Protection Regulation. Ihre Einwilligung zur Speicherung der Daten, der Email-Adresse sowie deren Nutzung zum Versand des Newsletters k\u00f6nnen Sie jederzeit widerrufen, etwa \u00fcber den Abmeldelink des Newsletters. Die Rechtm\u00e4\u00dfigkeit der Datenverarbeitung bis zum Zeitpunkt des Widerrufs bleibt vom Widerruf unber\u00fchrt. Ihre zum Zwecke des Newsletterempfangs gespeicherten Daten bleiben bis zur Abmeldung vom Newsletterverteiler gespeichert und werden nach der Abmeldung gel\u00f6scht. Daten, die zu einem anderen Zweck gespeichert wurden, bleiben hiervon unber\u00fchrt.<\/p>\n\n\n\n<p><\/p>\n\n\n\n<p class=\"has-text-color\" style=\"color:#988a86;font-size:18px\"><strong>Server-Log-Daten<\/strong><br\/>Der Provider der Seiten erhebt und speichert automatisch verarbeitete Informationen, so genannte Server-Log-Daten, die Ihr Browser automatisch an uns \u00fcbermittelt. Dazu geh\u00f6ren Browsertyp, Browserversion, verwendete Systemsoftware, Referrer URL, Hostname des zugreifenden Rechners, Uhrzeit des Serverzugriffs und IP-Adresse. Eine Zusammenf\u00fchrung dieser Daten mit anderen Datenquellen wird nicht vorgenommen. Die Erhebung dieser Daten erfolgt auf Grundlage von Art. 6 Abs. 1 lit. b DSGVO, der die Verarbeitung von Daten zur Erf\u00fcllung eines Vertrages oder aufschiebender Ma\u00dfnahmen erlaubt. Gem\u00e4\u00df Artikel 6, Satz 1, lit. f DSGVO &#8211; General Data Protection Regulation &#8211; (berechtigtes Interesse) werden die Daten auch zur Erkennung und Bearbeitung m\u00f6glicher rechtswidriger Nutzungen oder aus Gr\u00fcnden der St\u00f6rungsbeseitigung erhoben.<\/p>\n\n\n\n<p><\/p>\n\n\n\n<p class=\"has-text-color\" style=\"color:#988a86;font-size:18px\"><strong>Session Cookies<\/strong><br\/>Zur nutzerfreundlichen und sicheren Darstellung von Inhalten verwendet diese Website so genannte Session-Cookies, kleine Textdateien, die auf Ihrem Endger\u00e4t gespeichert und nach Beendigung Ihres Besuchs automatisch gel\u00f6scht werden. Sie k\u00f6nnen die Speicherung von Cookies durch eine entsprechende Einstellung Ihres Browsers verhindern. Bei der Deaktivierung von Cookies kann die Funktionalit\u00e4t dieser Website eingeschr\u00e4nkt sein. Die Rechtsgrundlage f\u00fcr den Einsatz von Session-Cookies ist Art. 6 Abs. 1 lit. f) DSGVO.<\/p>\n\n\n\n<p><\/p>\n\n\n\n<p class=\"has-text-color\" style=\"color:#988a86;font-size:18px\"><strong>Google Web Schriften<\/strong><br\/>Diese Website verwendet so genannte Web Fonts, um eine einheitliche Darstellung der von Google zur Verf\u00fcgung gestellten Schriftarten zu gew\u00e4hrleisten. Beim \u00d6ffnen einer Website l\u00e4dt Ihr Browser die ben\u00f6tigten Schriftarten in Ihren Browser-Cache, um die Texte und Schriftarten korrekt anzuzeigen. Zu diesem Zweck muss Ihr Browser eine Verbindung zu den Google-Servern herstellen. Dadurch erh\u00e4lt google die Information, dass von Ihrer IP-Adresse aus auf unsere Website zugegriffen wurde. Die Nutzung von google fonts erfolgt aufgrund des berechtigten Interesses an einer einheitlichen und ansprechenden Darstellung unseres Onlineauftritts. Hierbei handelt es sich um ein berechtigtes Interesse nach Art. 6 Satz 1 lit. f DSGVO &#8211; Allgemeine Datenschutzverordnung. Falls Ihr Browser keine Webfonts unterst\u00fctzt, wird eine Standardschrift von Ihrem Computer verwendet. Weitere Informationen zu google Webfonts finden Sie unter https:\/\/developers.google.com\/fonts\/faq und in der Datenschutzerkl\u00e4rung von google unter https:\/\/www.google.com\/policies\/privacy\/.<\/p>\n\n\n\n<p><\/p>\n\n\n\n<p class=\"has-text-color\" style=\"color:#988a86;font-size:18px\"><strong>Google Maps<\/strong><br\/>Diese Website nutzt den Kartendienst von Google Maps \u00fcber API. Dienstanbieter ist Google LLC, 1600 Amphitheatre Parkway, Mountain View, CA 94043, USA. Um den Dienst von Google Maps nutzen zu k\u00f6nnen, ist es zwingend erforderlich, Ihre IP-Adresse zu speichern. Diese Informationen werden in der Regel an einen Server von Google in den USA \u00fcbertragen und dort gespeichert. Der Anbieter dieser Website hat keinen Einfluss auf die Daten\u00fcbermittlung. Die Nutzung von Google Maps erfolgt im Rahmen einer ansprechenden Darstellung unseres Onlineangebotes und zur Verbesserung der Auffindbarkeit der auf unserer Website angegebenen Orte. Dies stellt ein berechtigtes Interesse im Sinne von Art. 6 Satz 1 lit. f DSGVO &#8211; Allgemeine Datenschutzverordnung dar. Weitere Informationen zur Nutzung der Nutzerdaten finden Sie in der Datenschutzerkl\u00e4rung von Google unter https:\/\/www.google.de\/intl\/de\/policies\/privacy\/.<\/p>\n\n\t<\/div>\n\n<\/div>\n\n<\/div>\n\n<div style=\"height:100px\" aria-hidden=\"true\" class=\"wp-block-spacer\"><\/div>\n","protected":false},"excerpt":{"rendered":"","protected":false},"author":1,"featured_media":0,"parent":0,"menu_order":62,"comment_status":"closed","ping_status":"open","template":"templates\/blank.php","meta":{"_acf_changed":false,"footnotes":""},"class_list":["post-2611","page","type-page","status-publish","hentry"],"acf":[],"featured_image_src":null,"_links":{"self":[{"href":"https:\/\/espg.space\/de\/wp-json\/wp\/v2\/pages\/2611","targetHints":{"allow":["GET"]}}],"collection":[{"href":"https:\/\/espg.space\/de\/wp-json\/wp\/v2\/pages"}],"about":[{"href":"https:\/\/espg.space\/de\/wp-json\/wp\/v2\/types\/page"}],"author":[{"embeddable":true,"href":"https:\/\/espg.space\/de\/wp-json\/wp\/v2\/users\/1"}],"replies":[{"embeddable":true,"href":"https:\/\/espg.space\/de\/wp-json\/wp\/v2\/comments?post=2611"}],"version-history":[{"count":4,"href":"https:\/\/espg.space\/de\/wp-json\/wp\/v2\/pages\/2611\/revisions"}],"predecessor-version":[{"id":4093,"href":"https:\/\/espg.space\/de\/wp-json\/wp\/v2\/pages\/2611\/revisions\/4093"}],"wp:attachment":[{"href":"https:\/\/espg.space\/de\/wp-json\/wp\/v2\/media?parent=2611"}],"curies":[{"name":"wp","href":"https:\/\/api.w.org\/{rel}","templated":true}]}}