{"id":2974,"date":"2023-06-08T10:30:01","date_gmt":"2023-06-08T09:30:01","guid":{"rendered":"https:\/\/espg.space\/?page_id=2974"},"modified":"2024-03-15T15:32:02","modified_gmt":"2024-03-15T15:32:02","slug":"science-park-profil","status":"publish","type":"page","link":"https:\/\/espg.space\/de\/science-parks\/science-park-profil\/","title":{"rendered":"Science Park Profil"},"content":{"rendered":"\n<div class=\"wp-block-cover is-light has-parallax\" style=\"min-height:300px;aspect-ratio:unset;\"><span aria-hidden=\"true\" class=\"wp-block-cover__background has-background-dim-10 has-background-dim\"><\/span><div role=\"img\" class=\"wp-block-cover__image-background wp-image-5509 has-parallax\" style=\"background-position:50% 50%;background-image:url(https:\/\/espg.space\/wp-content\/uploads\/2024\/03\/Ulm13_155-scaled.jpg)\"><\/div><div class=\"wp-block-cover__inner-container is-layout-flow wp-block-cover-is-layout-flow\">\n<h1 class=\"wp-block-heading has-text-align-center has-white-color has-text-color has-large-font-size\">Science Park Profil<\/h1>\n<\/div><\/div>\n\n\n\n<div style=\"height:100px\" aria-hidden=\"true\" class=\"wp-block-spacer\"><\/div>\n\n\n<div class=\"wp-bootstrap-blocks-container container mb-2\">\n\t\n<div class=\"wp-bootstrap-blocks-row row\">\n\t\n\n<div class=\"col-12 col-md-12\">\n\t\t\t\n\n<p><strong>Was ein Science Park ist, h\u00e4ngt von der Perspektive ab. F\u00fcr die Mieter ist ein Science Park ein wissensbasierter Standort, an dem Forschung und Innovation gedeihen. F\u00fcr Finanzierungspartner und Investoren zeichnet sich ein Science Park durch stabile Mieter und einen attraktiven Cashflow aus. Was also macht einen Wissenschaftspark aus?<\/strong><\/p>\n\n\t<\/div>\n\n<\/div>\n\n<\/div>\n\n\n\n<div class=\"imagetext-wrap imagetext-im-right imagetext-txt-white\">\n    <div class=\"container\">\n        <div class=\"row\">\n            <div class=\"col-md-6\">\n                <figure>\n\n                <img decoding=\"async\" loading=\"lazy\" src=\"https:\/\/espg.space\/wp-content\/uploads\/2023\/10\/ESPG_Icon1-1600x1036.png\"  alt=\"\" \n                srcset=\"\n                https:\/\/espg.space\/wp-content\/uploads\/2023\/10\/ESPG_Icon1-1600x1036.png 1600w, \n                https:\/\/espg.space\/wp-content\/uploads\/2023\/10\/ESPG_Icon1-1024x663.png 1024w,\n                https:\/\/espg.space\/wp-content\/uploads\/2023\/10\/ESPG_Icon1-768x497.png 768w\"\n                sizes=\"auto, (max-width:767px) 100vw, 50vw\" \n                width=\"1600\"\n                height=\"1036\"\n                \/>\n\n              <\/figure>\n\n            <\/div>\n            <div class=\"col-md-5\">\n                <div class=\"imagetext-text-wrap\">\n                    <div class=\"imagetext-text\">\n                        <h2><span class=\"color-brand\">Standort<\/span><\/h2>\n<p>&nbsp;<\/p>\n<p>Science Parks befinden sich oft in der N\u00e4he von Universit\u00e4ten oder Forschungseinrichtungen. Dies bietet den Mietern einen optimalen Zugang zu qualifizierten Arbeitskr\u00e4ften. Science Parks spielen auch eine wichtige Rolle bei der Verkn\u00fcpfung von Wissenschaft und Wirtschaft. Sie unterst\u00fctzen den Wissenstransfer von der akademischen Welt in die Industrie.<\/p>\n                    <\/div>\n                <\/div>\n            <\/div>\n        <\/div>\n    <\/div>\n<\/div>\n\n\n<div class=\"imagetext-wrap imagetext-im-left imagetext-txt-white\">\n    <div class=\"container\">\n        <div class=\"row\">\n            <div class=\"col-md-6\">\n                <figure>\n\n                <img decoding=\"async\" loading=\"lazy\" src=\"https:\/\/espg.space\/wp-content\/uploads\/2023\/10\/ESPG_Icon2-1600x1036.png\"  alt=\"\" \n                srcset=\"\n                https:\/\/espg.space\/wp-content\/uploads\/2023\/10\/ESPG_Icon2-1600x1036.png 1600w, \n                https:\/\/espg.space\/wp-content\/uploads\/2023\/10\/ESPG_Icon2-1024x663.png 1024w,\n                https:\/\/espg.space\/wp-content\/uploads\/2023\/10\/ESPG_Icon2-768x497.png 768w\"\n                sizes=\"auto, (max-width:767px) 100vw, 50vw\" \n                width=\"1600\"\n                height=\"1036\"\n                \/>\n\n              <\/figure>\n\n            <\/div>\n            <div class=\"col-md-5\">\n                <div class=\"imagetext-text-wrap\">\n                    <div class=\"imagetext-text\">\n                        <h2><span class=\"color-brand\">Spezialisierte R\u00e4ume<\/span><\/h2>\n<p>&nbsp;<\/p>\n<p>Science Parks haben viel zu bieten \u2013 von Nass- und Trockenlaboren \u00fcber Produktionshallen und Logistikfl\u00e4chen bis hin zu B\u00fcros und Ausstellungsfl\u00e4chen. Die R\u00e4ume erf\u00fcllen komplexe Anforderungen. Sie ziehen Wissenschafts- und Technologieunternehmen aller Gr\u00f6\u00dfenordnungen an. Das tr\u00e4gt zum wirtschaftlichen Wohlstand der Region bei.<\/p>\n                    <\/div>\n                <\/div>\n            <\/div>\n        <\/div>\n    <\/div>\n<\/div>\n\n\n<div class=\"imagetext-wrap imagetext-im-right imagetext-txt-white\">\n    <div class=\"container\">\n        <div class=\"row\">\n            <div class=\"col-md-6\">\n                <figure>\n\n                <img decoding=\"async\" loading=\"lazy\" src=\"https:\/\/espg.space\/wp-content\/uploads\/2023\/10\/ESPG_Icon3-1600x1036.png\"  alt=\"\" \n                srcset=\"\n                https:\/\/espg.space\/wp-content\/uploads\/2023\/10\/ESPG_Icon3-1600x1036.png 1600w, \n                https:\/\/espg.space\/wp-content\/uploads\/2023\/10\/ESPG_Icon3-1024x663.png 1024w,\n                https:\/\/espg.space\/wp-content\/uploads\/2023\/10\/ESPG_Icon3-768x497.png 768w\"\n                sizes=\"auto, (max-width:767px) 100vw, 50vw\" \n                width=\"1600\"\n                height=\"1036\"\n                \/>\n\n              <\/figure>\n\n            <\/div>\n            <div class=\"col-md-5\">\n                <div class=\"imagetext-text-wrap\">\n                    <div class=\"imagetext-text\">\n                        <h2><span class=\"color-brand\">Schwerpunkt Industrie oder Technologie<\/span><\/h2>\n<p>&nbsp;<\/p>\n<p>Science Parks konzentrieren sich oft auf eine bestimmte Industrie oder einen Forschungsschwerpunkt und bieten ein breites Spektrum an erg\u00e4nzenden Dienstleistungen an. Die Vernetzung und Zusammenarbeit sind ausschlaggebend f\u00fcr die Verbesserung der Prozesse und den Erfolg der Unternehmen.<\/p>\n                    <\/div>\n                <\/div>\n            <\/div>\n        <\/div>\n    <\/div>\n<\/div>\n\n\n<div class=\"imagetext-wrap imagetext-im-left imagetext-txt-white\">\n    <div class=\"container\">\n        <div class=\"row\">\n            <div class=\"col-md-6\">\n                <figure>\n\n                <img decoding=\"async\" loading=\"lazy\" src=\"https:\/\/espg.space\/wp-content\/uploads\/2023\/10\/ESPG_Icon4-1600x1036.png\"  alt=\"\" \n                srcset=\"\n                https:\/\/espg.space\/wp-content\/uploads\/2023\/10\/ESPG_Icon4-1600x1036.png 1600w, \n                https:\/\/espg.space\/wp-content\/uploads\/2023\/10\/ESPG_Icon4-1024x663.png 1024w,\n                https:\/\/espg.space\/wp-content\/uploads\/2023\/10\/ESPG_Icon4-768x497.png 768w\"\n                sizes=\"auto, (max-width:767px) 100vw, 50vw\" \n                width=\"1600\"\n                height=\"1036\"\n                \/>\n\n              <\/figure>\n\n            <\/div>\n            <div class=\"col-md-5\">\n                <div class=\"imagetext-text-wrap\">\n                    <div class=\"imagetext-text\">\n                        <h2><span class=\"color-brand\">Langfristige Bindung von Mietern &#8211; &#8222;Sticky tenants&#8220;<\/span><\/h2>\n<p>&nbsp;<\/p>\n<p>Das g\u00fcnstige Umfeld f\u00f6rdert die langfristige Mieterbindung. Dar\u00fcber hinaus sind wissenschafts- und technologieorientierte Unternehmen auf umfangreiche Lieferketten und Logistiknetzwerke sowie auf Genehmigungen auf lokaler und regionaler Ebene angewiesen. Dies bindet die Unternehmen an den Standort auch \u00fcber die Laufzeit des Mietvertrages hinaus.<\/p>\n                    <\/div>\n                <\/div>\n            <\/div>\n        <\/div>\n    <\/div>\n<\/div>\n\n\n<div style=\"height:100px\" aria-hidden=\"true\" class=\"wp-block-spacer\"><\/div>\n","protected":false},"excerpt":{"rendered":"","protected":false},"author":5,"featured_media":0,"parent":2536,"menu_order":11,"comment_status":"closed","ping_status":"closed","template":"templates\/blank.php","meta":{"_acf_changed":false,"footnotes":""},"class_list":["post-2974","page","type-page","status-publish","hentry"],"acf":[],"featured_image_src":null,"_links":{"self":[{"href":"https:\/\/espg.space\/de\/wp-json\/wp\/v2\/pages\/2974","targetHints":{"allow":["GET"]}}],"collection":[{"href":"https:\/\/espg.space\/de\/wp-json\/wp\/v2\/pages"}],"about":[{"href":"https:\/\/espg.space\/de\/wp-json\/wp\/v2\/types\/page"}],"author":[{"embeddable":true,"href":"https:\/\/espg.space\/de\/wp-json\/wp\/v2\/users\/5"}],"replies":[{"embeddable":true,"href":"https:\/\/espg.space\/de\/wp-json\/wp\/v2\/comments?post=2974"}],"version-history":[{"count":33,"href":"https:\/\/espg.space\/de\/wp-json\/wp\/v2\/pages\/2974\/revisions"}],"predecessor-version":[{"id":5514,"href":"https:\/\/espg.space\/de\/wp-json\/wp\/v2\/pages\/2974\/revisions\/5514"}],"up":[{"embeddable":true,"href":"https:\/\/espg.space\/de\/wp-json\/wp\/v2\/pages\/2536"}],"wp:attachment":[{"href":"https:\/\/espg.space\/de\/wp-json\/wp\/v2\/media?parent=2974"}],"curies":[{"name":"wp","href":"https:\/\/api.w.org\/{rel}","templated":true}]}}