{"id":2984,"date":"2023-06-08T10:57:21","date_gmt":"2023-06-08T09:57:21","guid":{"rendered":"https:\/\/espg.space\/?page_id=2984"},"modified":"2024-03-15T15:33:41","modified_gmt":"2024-03-15T15:33:41","slug":"success-stories","status":"publish","type":"page","link":"https:\/\/espg.space\/de\/science-parks\/success-stories\/","title":{"rendered":"Show Cases"},"content":{"rendered":"\n<div class=\"wp-block-cover is-light has-parallax\" style=\"min-height:300px;aspect-ratio:unset;\"><span aria-hidden=\"true\" class=\"wp-block-cover__background has-background-dim-10 has-background-dim\"><\/span><div role=\"img\" class=\"wp-block-cover__image-background wp-image-5509 has-parallax\" style=\"background-position:50% 50%;background-image:url(https:\/\/espg.space\/wp-content\/uploads\/2024\/03\/Ulm13_155-scaled.jpg)\"><\/div><div class=\"wp-block-cover__inner-container is-layout-flow wp-block-cover-is-layout-flow\">\n<h1 class=\"wp-block-heading has-text-align-center has-large-font-size\" id=\"0-success-stories\">Show Cases<\/h1>\n<\/div><\/div>\n\n\n\n<div style=\"height:100px\" aria-hidden=\"true\" class=\"wp-block-spacer\"><\/div>\n\n\n\n<div style=\"height:0px\" aria-hidden=\"true\" class=\"wp-block-spacer\"><\/div>\n\n\n<div class=\"wp-bootstrap-blocks-container container mb-2\">\n\t\n<div class=\"wp-bootstrap-blocks-row row\">\n\t\n\n<div class=\"col-12 col-md-12\">\n\t\t\t\n<div class=\"wp-bootstrap-blocks-row row\">\n\t\n\n<div class=\"col-12 col-md-12\">\n\t\t\t\n\n<p><strong>Als Impact Investor gestalten wir die Zukunft gemeinsam mit unseren Mietern. Wir investieren kontinuierlich in Immobilien und Dienstleistungen, um ein ideales Umfeld f\u00fcr bahnbrechende Innovationen zu bieten. Unser wichtigster Erfolgsfaktor ist der wirtschaftliche Erfolg unserer Mieter. Deshalb f\u00f6rdern wir in unseren Wissenschaftsparks Entwicklungen auf Weltklasse-Niveau.<\/strong><\/p>\n\n\n\n<div style=\"height:50px\" aria-hidden=\"true\" class=\"wp-block-spacer is-style-s\"><\/div>\n\n\t<\/div>\n\n\n\n<div class=\"col-12\">\n\t\t\t\t<\/div>\n\n<\/div>\n\n\t<\/div>\n\n\n\n<div class=\"col-12\">\n\t\t\t\n\n<div style=\"height:100px\" aria-hidden=\"true\" class=\"wp-block-spacer\"><\/div>\n\n\n\n<h3 class=\"wp-block-heading\"><span class=\"color-brand\">Life Science Hub in Bayern<\/span><\/h3>\n\n\n\n<div style=\"height:20px\" aria-hidden=\"true\" class=\"wp-block-spacer\"><\/div>\n\n\n\n<div class=\"wp-block-columns is-layout-flex wp-container-core-columns-is-layout-9d6595d7 wp-block-columns-is-layout-flex\">\n<div class=\"wp-block-column is-layout-flow wp-block-column-is-layout-flow\">\n<p>Am Wissenschaftspark \u201eLab City\u201c in Neu-Ulm (Bayern) stehen biowissenschaftliche Forschungen im Fokus. Mit Nuvisan GmbH, einem Marktf\u00fchrer f\u00fcr klinische Studien zur Erprobung innovativer Medikamente wurde ein Ankermieter f\u00fcr einen 10-Jahres-Mietvertrag gewonnen. Der Geb\u00e4udekomplex umfasst Labore und klinische Vorbereitungseinrichtungen, Patientenzimmer sowie ein B\u00fcrogeb\u00e4ude. Die Bestandsgeb\u00e4ude k\u00f6nnen um etwa 10.000 m2 erweitert werden.<\/p>\n<\/div>\n<\/div>\n\n\n\n<div class=\"wp-block-columns is-layout-flex wp-container-core-columns-is-layout-9d6595d7 wp-block-columns-is-layout-flex\">\n<div class=\"wp-block-column is-layout-flow wp-block-column-is-layout-flow\">\n<figure class=\"wp-block-gallery has-nested-images columns-default is-cropped wp-block-gallery-1 is-layout-flex wp-block-gallery-is-layout-flex\">\n<figure class=\"wp-block-image size-full\"><img loading=\"lazy\" decoding=\"async\" width=\"1200\" height=\"800\" data-id=\"736\" src=\"https:\/\/espg.space\/wp-content\/uploads\/2022\/09\/NeU_027.jpg\" alt=\"\" class=\"wp-image-736\" srcset=\"https:\/\/espg.space\/wp-content\/uploads\/2022\/09\/NeU_027.jpg 1200w, https:\/\/espg.space\/wp-content\/uploads\/2022\/09\/NeU_027-768x512.jpg 768w, https:\/\/espg.space\/wp-content\/uploads\/2022\/09\/NeU_027-680x453.jpg 680w\" sizes=\"auto, (max-width: 1200px) 100vw, 1200px\" \/><\/figure>\n\n\n\n<figure class=\"wp-block-image size-full\"><img loading=\"lazy\" decoding=\"async\" width=\"880\" height=\"540\" data-id=\"972\" src=\"https:\/\/espg.space\/wp-content\/uploads\/2022\/09\/06Neu-ULM.jpg\" alt=\"\" class=\"wp-image-972\" srcset=\"https:\/\/espg.space\/wp-content\/uploads\/2022\/09\/06Neu-ULM.jpg 880w, https:\/\/espg.space\/wp-content\/uploads\/2022\/09\/06Neu-ULM-768x471.jpg 768w, https:\/\/espg.space\/wp-content\/uploads\/2022\/09\/06Neu-ULM-680x417.jpg 680w\" sizes=\"auto, (max-width: 880px) 100vw, 880px\" \/><\/figure>\n<\/figure>\n<\/div>\n<\/div>\n\n\n\n<div style=\"height:20px\" aria-hidden=\"true\" class=\"wp-block-spacer\"><\/div>\n\n\t<\/div>\n\n\n\n<div class=\"col-12\">\n\t\t\t\n\n<div style=\"height:100px\" aria-hidden=\"true\" class=\"wp-block-spacer\"><\/div>\n\n\n\n<h3 class=\"wp-block-heading\"><span class=\"color-brand\"><strong>Innovative Luft- und Raumfahrt sowie Medizintechnik im Dreil\u00e4ndereck Deutschland, Niederlande und Belgien&nbsp;<\/strong><\/span><\/h3>\n\n\n\n<div style=\"height:20px\" aria-hidden=\"true\" class=\"wp-block-spacer\"><\/div>\n\n\n\n<div class=\"wp-block-columns is-layout-flex wp-container-core-columns-is-layout-9d6595d7 wp-block-columns-is-layout-flex\">\n<div class=\"wp-block-column is-layout-flow wp-block-column-is-layout-flow\">\n<p><br>Der BlueCircle Science Park in W\u00fcrselen (Nordrhein-Westfalen) wird als Forschungszentrum f\u00fcr die Luft- und Raumfahrtindustrie, sowie f\u00fcr die Gesundheits- und Medizintechnik genutzt. Unser Ankermieter, das Deutsche Zentrum f\u00fcr Luft- und Raumfahrt (DLR) der von der N\u00e4he des \u00f6rtlichen Forschungsflugplatzes profitiert, entwickelt S2-VTOL-Hubschrauber. Ein weiterer zukunftsweisender Mieter, Alaxo GmbH, entwickelt innovative L\u00f6sungen zur Korrektur von Nasenatmungsst\u00f6rungen.<\/p>\n<\/div>\n<\/div>\n\n\n\n<div class=\"wp-block-columns is-layout-flex wp-container-core-columns-is-layout-9d6595d7 wp-block-columns-is-layout-flex\">\n<div class=\"wp-block-column is-layout-flow wp-block-column-is-layout-flow\">\n<figure class=\"wp-block-gallery has-nested-images columns-default is-cropped wp-block-gallery-2 is-layout-flex wp-block-gallery-is-layout-flex\">\n<figure class=\"wp-block-image size-large\"><img loading=\"lazy\" decoding=\"async\" width=\"960\" height=\"540\" data-id=\"3987\" src=\"https:\/\/espg.space\/wp-content\/uploads\/2023\/11\/Folie8.jpeg\" alt=\"\" class=\"wp-image-3987\" srcset=\"https:\/\/espg.space\/wp-content\/uploads\/2023\/11\/Folie8.jpeg 960w, https:\/\/espg.space\/wp-content\/uploads\/2023\/11\/Folie8-300x169.jpeg 300w, https:\/\/espg.space\/wp-content\/uploads\/2023\/11\/Folie8-768x432.jpeg 768w\" sizes=\"auto, (max-width: 960px) 100vw, 960px\" \/><\/figure>\n\n\n\n<figure class=\"wp-block-image size-large\"><img loading=\"lazy\" decoding=\"async\" width=\"960\" height=\"540\" data-id=\"3985\" src=\"https:\/\/espg.space\/wp-content\/uploads\/2023\/11\/Folie9.jpeg\" alt=\"\" class=\"wp-image-3985\" srcset=\"https:\/\/espg.space\/wp-content\/uploads\/2023\/11\/Folie9.jpeg 960w, https:\/\/espg.space\/wp-content\/uploads\/2023\/11\/Folie9-300x169.jpeg 300w, https:\/\/espg.space\/wp-content\/uploads\/2023\/11\/Folie9-768x432.jpeg 768w\" sizes=\"auto, (max-width: 960px) 100vw, 960px\" \/><\/figure>\n<\/figure>\n<\/div>\n<\/div>\n\n\n\n<div style=\"height:20px\" aria-hidden=\"true\" class=\"wp-block-spacer\"><\/div>\n\n\t<\/div>\n\n\n\n<div class=\"col-12\">\n\t\t\t\n\n<div style=\"height:100px\" aria-hidden=\"true\" class=\"wp-block-spacer\"><\/div>\n\n\n\n<h3 class=\"wp-block-heading\"><span class=\"color-brand\">Mobilit\u00e4t und digitale Innovationen in Baden W\u00fcrttemberg&nbsp;<\/span><\/h3>\n\n\n\n<div style=\"height:20px\" aria-hidden=\"true\" class=\"wp-block-spacer\"><\/div>\n\n\n\n<div class=\"wp-block-columns is-layout-flex wp-container-core-columns-is-layout-9d6595d7 wp-block-columns-is-layout-flex\">\n<div class=\"wp-block-column is-layout-flow wp-block-column-is-layout-flow\">\n<p><br>Die &nbsp;Immobilien der ESPG in der Science City Ulm (Baden-W\u00fcrttemberg) drehen sich alle um die Zukunft der Mobilit\u00e4t: Ein Forschungszentrum besch\u00e4ftigt sich mit Elektrofahrzeugen und selbstfahrenden Autos. Ankermieter ist das US-Unternehmen TRUMPF Photonics, das sich auf die Entwicklung und Herstellung von Halbleiterlaserdioden, Lasermodulen und Beschichtungen f\u00fcr optische Komponenten spezialisiert hat. TRUMPF Photonics betreibt an diesem Standort einen hochmodernen Reinraum. Nokia, der zweite &nbsp;Hauptmieter, hat ein Innovationszentrum f\u00fcr die Entwicklung und Pr\u00fcfung von 5G\/6G-Funkprodukten f\u00fcr globale Kommunikationsnetze eingerichtet.<\/p>\n<\/div>\n<\/div>\n\n\n\n<div class=\"wp-block-columns is-layout-flex wp-container-core-columns-is-layout-9d6595d7 wp-block-columns-is-layout-flex\">\n<div class=\"wp-block-column is-layout-flow wp-block-column-is-layout-flow\">\n<figure class=\"wp-block-gallery has-nested-images columns-default is-cropped wp-block-gallery-3 is-layout-flex wp-block-gallery-is-layout-flex\">\n<figure class=\"wp-block-image size-full\"><img loading=\"lazy\" decoding=\"async\" width=\"880\" height=\"540\" data-id=\"411\" src=\"https:\/\/espg.space\/wp-content\/uploads\/2022\/09\/10-1.jpg\" alt=\"\" class=\"wp-image-411\" srcset=\"https:\/\/espg.space\/wp-content\/uploads\/2022\/09\/10-1.jpg 880w, https:\/\/espg.space\/wp-content\/uploads\/2022\/09\/10-1-768x471.jpg 768w, https:\/\/espg.space\/wp-content\/uploads\/2022\/09\/10-1-680x417.jpg 680w\" sizes=\"auto, (max-width: 880px) 100vw, 880px\" \/><\/figure>\n\n\n\n<figure class=\"wp-block-image size-full\"><img loading=\"lazy\" decoding=\"async\" width=\"880\" height=\"540\" data-id=\"403\" src=\"https:\/\/espg.space\/wp-content\/uploads\/2022\/09\/03-2.jpg\" alt=\"\" class=\"wp-image-403\" srcset=\"https:\/\/espg.space\/wp-content\/uploads\/2022\/09\/03-2.jpg 880w, https:\/\/espg.space\/wp-content\/uploads\/2022\/09\/03-2-768x471.jpg 768w, https:\/\/espg.space\/wp-content\/uploads\/2022\/09\/03-2-680x417.jpg 680w\" sizes=\"auto, (max-width: 880px) 100vw, 880px\" \/><\/figure>\n<\/figure>\n<\/div>\n<\/div>\n\n\n\n<div style=\"height:20px\" aria-hidden=\"true\" class=\"wp-block-spacer\"><\/div>\n\n\t<\/div>\n\n<\/div>\n\n<\/div>\n\n\n\n<div style=\"height:92px\" aria-hidden=\"true\" class=\"wp-block-spacer\"><\/div>\n\n\n\n<p><\/p>\n\n\n\n<p><\/p>\n\n\n\n<div style=\"height:100px\" aria-hidden=\"true\" class=\"wp-block-spacer\"><\/div>\n","protected":false},"excerpt":{"rendered":"","protected":false},"author":5,"featured_media":0,"parent":2536,"menu_order":12,"comment_status":"closed","ping_status":"closed","template":"templates\/blank.php","meta":{"_acf_changed":false,"footnotes":""},"class_list":["post-2984","page","type-page","status-publish","hentry"],"acf":[],"featured_image_src":null,"_links":{"self":[{"href":"https:\/\/espg.space\/de\/wp-json\/wp\/v2\/pages\/2984","targetHints":{"allow":["GET"]}}],"collection":[{"href":"https:\/\/espg.space\/de\/wp-json\/wp\/v2\/pages"}],"about":[{"href":"https:\/\/espg.space\/de\/wp-json\/wp\/v2\/types\/page"}],"author":[{"embeddable":true,"href":"https:\/\/espg.space\/de\/wp-json\/wp\/v2\/users\/5"}],"replies":[{"embeddable":true,"href":"https:\/\/espg.space\/de\/wp-json\/wp\/v2\/comments?post=2984"}],"version-history":[{"count":13,"href":"https:\/\/espg.space\/de\/wp-json\/wp\/v2\/pages\/2984\/revisions"}],"predecessor-version":[{"id":5515,"href":"https:\/\/espg.space\/de\/wp-json\/wp\/v2\/pages\/2984\/revisions\/5515"}],"up":[{"embeddable":true,"href":"https:\/\/espg.space\/de\/wp-json\/wp\/v2\/pages\/2536"}],"wp:attachment":[{"href":"https:\/\/espg.space\/de\/wp-json\/wp\/v2\/media?parent=2984"}],"curies":[{"name":"wp","href":"https:\/\/api.w.org\/{rel}","templated":true}]}}