{"id":3012,"date":"2023-06-08T11:14:03","date_gmt":"2023-06-08T10:14:03","guid":{"rendered":"https:\/\/espg.space\/?page_id=3012"},"modified":"2024-02-23T09:36:16","modified_gmt":"2024-02-23T09:36:16","slug":"corporate-news","status":"publish","type":"page","link":"https:\/\/espg.space\/de\/news-resources\/corporate-news\/","title":{"rendered":"Corporate News"},"content":{"rendered":"\n<div class=\"wp-block-cover has-parallax\" style=\"min-height:300px;aspect-ratio:unset;\"><span aria-hidden=\"true\" class=\"wp-block-cover__background has-background-dim-10 has-background-dim\"><\/span><div role=\"img\" class=\"wp-block-cover__image-background wp-image-5243 has-parallax\" style=\"background-position:50% 50%;background-image:url(https:\/\/espg.space\/wp-content\/uploads\/2024\/02\/NEU_145-scaled.jpg)\"><\/div><div class=\"wp-block-cover__inner-container is-layout-flow wp-block-cover-is-layout-flow\">\n<h1 class=\"wp-block-heading has-text-align-center has-white-color has-text-color\" style=\"text-transform:uppercase\">Corporate News<\/h1>\n<\/div><\/div>\n\n<div style=\"height:100px\" aria-hidden=\"true\" class=\"wp-block-spacer\"><\/div>\n\n<div style=\"height:50px\" aria-hidden=\"true\" class=\"wp-block-spacer\"><\/div>\n<div class=\"wp-bootstrap-blocks-container container mb-2\">\n\t\n<div class=\"wp-bootstrap-blocks-row row\">\n\t\n\n<div class=\"col-12 col-md-12\">\n\t\t\t\n\n<div style=\"height:30px\" aria-hidden=\"true\" class=\"wp-block-spacer\"><\/div>\n\n\n\n<p><\/p>\n\n\n\n<div class=\"row news-row\">\n\n\n\t<div class=\"col-12 \">\n\t\t<div class=\"news-item\">\n\t\t<a href=\"https:\/\/espg.space\/wp-content\/uploads\/2026\/03\/20260331_CN_ESPG-FY-2025_DE.pdf\" target=\"_blank\">\n\t\t\t<div>31. M\u00e4rz. 2026<\/div>\n\t\t    <h2>ESPG mit positivem Konzernergebnis 2025 und stabiler Portfolioentwicklung<\/h2>\n\t  \t<\/a>\n\n\n\t\t  \n\n\t\t<\/div>\n\t<\/div>\n\n\n\t<div class=\"col-12 \">\n\t\t<div class=\"news-item\">\n\t\t<a href=\"https:\/\/espg.space\/wp-content\/uploads\/2026\/02\/20260223_CN_Silicon_Labs_DE.pdf\" target=\"_blank\">\n\t\t\t<div>23. Feb.. 2026<\/div>\n\t\t    <h2>ESPG verl\u00e4ngert Mietvertrag mit Silicon Labs in Hallbergmoos um f\u00fcnf Jahre<\/h2>\n\t  \t<\/a>\n\n\n\t\t  \n\n\t\t<\/div>\n\t<\/div>\n\n\n\t<div class=\"col-12 \">\n\t\t<div class=\"news-item\">\n\t\t<a href=\"https:\/\/espg.space\/wp-content\/uploads\/2026\/02\/260211_CN_Helmsauer_DE.pdf\" target=\"_blank\">\n\t\t\t<div>19. Feb.. 2026<\/div>\n\t\t    <h2>ESPG schlie\u00dft langfristigen Mietvertrag mit dem Helmsauer Verbund in Minden<\/h2>\n\t  \t<\/a>\n\n\n\t\t  \n\n\t\t<\/div>\n\t<\/div>\n\n\n\t<div class=\"col-12 \">\n\t\t<div class=\"news-item\">\n\t\t<a href=\"https:\/\/espg.space\/wp-content\/uploads\/2026\/01\/20260127_CN_Ulm-Science-Mieter_DE.pdf\" target=\"_blank\">\n\t\t\t<div>27. Jan.. 2026<\/div>\n\t\t    <h2>ESPG gewinnt neuen langfristigen Ankermieter in einem Science Park in Ulm<\/h2>\n\t  \t<\/a>\n\n\n\t\t  \n\n\t\t<\/div>\n\t<\/div>\n\n\n\t<div class=\"col-12 \">\n\t\t<div class=\"news-item\">\n\t\t<a href=\"https:\/\/espg.space\/wp-content\/uploads\/2026\/01\/20260108_CN_ESPG_CAMPTEQ_DMSZ_DE.pdf\" target=\"_blank\">\n\t\t\t<div>09. Jan.. 2026<\/div>\n\t\t    <h2>Science Park CAMPTEQ: ESPG schlie\u00dft Neuvermietung mit DMSZ ab<\/h2>\n\t  \t<\/a>\n\n\n\t\t  \n\n\t\t<\/div>\n\t<\/div>\n\n\n\t<div class=\"col-12 \">\n\t\t<div class=\"news-item\">\n\t\t<a href=\"https:\/\/espg.space\/wp-content\/uploads\/2025\/12\/20251218_CN_Mietvertrag_Jobcenter1.pdf\" target=\"_blank\">\n\t\t\t<div>18. Dez.. 2025<\/div>\n\t\t    <h2>ESPG AG verl\u00e4ngert Mietvertrag mit Ennepe-Ruhr- Kreis im The Fourty-Five in Hattingen um 15 Jahre und schafft neue Arbeitswelten<\/h2>\n\t  \t<\/a>\n\n\n\t\t  \n\n\t\t<\/div>\n\t<\/div>\n\n\n\t<div class=\"col-12 \">\n\t\t<div class=\"news-item\">\n\t\t<a href=\"https:\/\/espg.space\/wp-content\/uploads\/2025\/12\/20251209_CN_Refinanzierung_One-One_DE.pdf\" target=\"_blank\">\n\t\t\t<div>17. Dez.. 2025<\/div>\n\t\t    <h2>ESPG erh\u00e4lt Refinanzierungszusage der Volksbank Magdeburg eG f\u00fcr das ONE ONE Magdeburg<\/h2>\n\t  \t<\/a>\n\n\n\t\t  \n\n\t\t<\/div>\n\t<\/div>\n\n\n\t<div class=\"col-12 \">\n\t\t<div class=\"news-item\">\n\t\t<a href=\"https:\/\/espg.space\/wp-content\/uploads\/2025\/12\/20251215_CN_Refinanzierung_HypoNoe_v3clean_DE.pdf\" target=\"_blank\">\n\t\t\t<div>15. Dez.. 2025<\/div>\n\t\t    <h2>ESPG AG unterzeichnet Finanzierung mit HYPO NOE \u2013 weiterer Finanzierungserfolg und wichtiger Schritt f\u00fcr drei Science Parks<\/h2>\n\t  \t<\/a>\n\n\n\t\t  \n\n\t\t<\/div>\n\t<\/div>\n\n\n\t<div class=\"col-12 \">\n\t\t<div class=\"news-item\">\n\t\t<a href=\"https:\/\/espg.space\/wp-content\/uploads\/2025\/12\/251119_CN_Minden_ABB_DE.pdf\" target=\"_blank\">\n\t\t\t<div>20. Nov.. 2025<\/div>\n\t\t    <h2>ESPG AG st\u00e4rkt Standort Minden mit Vertragsverl\u00e4ngerung der ABB AG<\/h2>\n\t  \t<\/a>\n\n\n\t\t  \n\n\t\t<\/div>\n\t<\/div>\n\n\n\t<div class=\"col-12 \">\n\t\t<div class=\"news-item\">\n\t\t<a href=\"https:\/\/espg.space\/wp-content\/uploads\/2025\/11\/251111_CN_ESPG-H1_DE.pdf\" target=\"_blank\">\n\t\t\t<div>11. Nov.. 2025<\/div>\n\t\t    <h2>ESPG AG: Halbjahresbericht 2025 zeigt Turnaround und solide Basis f\u00fcr weiteres Wachstum<\/h2>\n\t  \t<\/a>\n\n\n\t\t  \n\n\t\t<\/div>\n\t<\/div>\n\n\n\t<div class=\"col-12 \">\n\t\t<div class=\"news-item\">\n\t\t<a href=\"https:\/\/espg.space\/wp-content\/uploads\/2025\/10\/251021_CN_Mietmeldung_SupplyOn_GM_Immobilienkonzept_final_DE.pdf\" target=\"_blank\">\n\t\t\t<div>22. Okt.. 2025<\/div>\n\t\t    <h2>Langfristige Mietvertr\u00e4ge unterzeichnet: ESPG AG meldet zwei Vermietungserfolge in Hallbergmoos und K\u00f6ln mit insgesamt 5.000 m\u00b2<\/h2>\n\t  \t<\/a>\n\n\n\t\t  \n\n\t\t<\/div>\n\t<\/div>\n\n\n\t<div class=\"col-12 \">\n\t\t<div class=\"news-item\">\n\t\t<a href=\"https:\/\/espg.space\/wp-content\/uploads\/2025\/08\/20250814_CN_ESPG-AG-Vermietung_DE_final.pdf\" target=\"_blank\">\n\t\t\t<div>14. Aug.. 2025<\/div>\n\t\t    <h2>ESPG AG: Anpassungen im Mietermix f\u00fchren zu tempor\u00e4rem Anstieg des Leerstandes \u2013 neue Mietvertr\u00e4ge st\u00e4rken strategische Ausrichtung<\/h2>\n\t  \t<\/a>\n\n\n\t\t  \n\n\t\t<\/div>\n\t<\/div>\n\n\n\t<div class=\"col-12 \">\n\t\t<div class=\"news-item\">\n\t\t<a href=\"https:\/\/espg.space\/wp-content\/uploads\/2025\/04\/20250411_CN_Vermietungserfolg-Emil-Koch_DE-1.pdf\" target=\"_blank\">\n\t\t\t<div>11. Apr.. 2025<\/div>\n\t\t    <h2>Weiterer Vermietungserfolg f\u00fcr ESPG AG: Emil Koch Gruppe belebt Science Park North43 in K\u00f6ln<\/h2>\n\t  \t<\/a>\n\n\n\t\t  \n\n\t\t<\/div>\n\t<\/div>\n\n\n\t<div class=\"col-12 \">\n\t\t<div class=\"news-item\">\n\t\t<a href=\"https:\/\/espg.space\/wp-content\/uploads\/2025\/04\/20250320_ESPG_Vermietungsauftakt_de.pdf\" target=\"_blank\">\n\t\t\t<div>20. M\u00e4rz. 2025<\/div>\n\t\t    <h2>Mit stabiler Finanzbasis ins Jahr 2025: ESPG investiert in Bestandsentwicklung<\/h2>\n\t  \t<\/a>\n\n\n\t\t  \n\n\t\t<\/div>\n\t<\/div>\n\n\n\t<div class=\"col-12 \">\n\t\t<div class=\"news-item\">\n\t\t<a href=\"https:\/\/espg.space\/wp-content\/uploads\/2025\/01\/20250123_CN-Abschluss-StaRUG_DE-2.pdf\" target=\"_blank\">\n\t\t\t<div>23. Jan.. 2025<\/div>\n\t\t    <h2>Rechtskraft des Restrukturierungsplans der ESPG eingetreten \u2013 Fokus auf das operative Gesch\u00e4ft<\/h2>\n\t  \t<\/a>\n\n\n\t\t  \n\n\t\t<\/div>\n\t<\/div>\n\n\n\t<div class=\"col-12 \">\n\t\t<div class=\"news-item\">\n\t\t<a href=\"https:\/\/espg.space\/wp-content\/uploads\/2025\/01\/20250110_CN_Status-StaRUG_DE.pdf\" target=\"_blank\">\n\t\t\t<div>10. Jan.. 2025<\/div>\n\t\t    <h2>ESPG AG: Gl\u00e4ubiger erteilen Zustimmung zum Restrukturierungsplan<\/h2>\n\t  \t<\/a>\n\n\n\t\t  \n\n\t\t<\/div>\n\t<\/div>\n\n\n\t<div class=\"col-12 \">\n\t\t<div class=\"news-item\">\n\t\t<a href=\"https:\/\/espg.space\/wp-content\/uploads\/2024\/12\/20241204_CN_Zustimmung-StaRUG_DE.pdf\" target=\"_blank\">\n\t\t\t<div>04. Dez.. 2024<\/div>\n\t\t    <h2>ESPG AG: Gl\u00e4ubiger erteilen Zustimmung zum Restrukturierungsplan<\/h2>\n\t  \t<\/a>\n\n\n\t\t  \n\n\t\t<\/div>\n\t<\/div>\n\n\n\t<div class=\"col-12 \">\n\t\t<div class=\"news-item\">\n\t\t<a href=\"https:\/\/espg.space\/wp-content\/uploads\/2024\/10\/20241028_CN_Bekanntgabe-Sanierungskonzept_DE-1.pdf\" target=\"_blank\">\n\t\t\t<div>28. Okt.. 2024<\/div>\n\t\t    <h2>ESPG AG verabschiedet Sanierungskonzept und er\u00f6ffnet Anleihegl\u00e4ubigern die Chance, langfristig an der Entwicklung der ESPG AG zu partizipieren<\/h2>\n\t  \t<\/a>\n\n\n\t\t  \n\n\t\t<\/div>\n\t<\/div>\n\n\n\t<div class=\"col-12 \">\n\t\t<div class=\"news-item\">\n\t\t<a href=\"https:\/\/espg.space\/wp-content\/uploads\/2024\/07\/20240611_CN_Grunes-Portfolio-2024_DE.pdf\" target=\"_blank\">\n\t\t\t<div>11. Juli. 2024<\/div>\n\t\t    <h2>ESPG richtet Science Park-Portfolio auf nachhaltige Stromerzeugung aus und erzielt signifikante CO2-Einsparungen<\/h2>\n\t  \t<\/a>\n\n\n\t\t  \n\n\t\t<\/div>\n\t<\/div>\n\n\n\t<div class=\"col-12 \">\n\t\t<div class=\"news-item\">\n\t\t<a href=\"https:\/\/espg.space\/wp-content\/uploads\/2024\/06\/20240625_ESPG_CN_Konzernabschuss-2023_DE.pdf\" target=\"_blank\">\n\t\t\t<div>25. Juni. 2024<\/div>\n\t\t    <h2>ESPG ver\u00f6ffentlicht Konzernabschluss 2023: herausforderndes Marktumfeld pr\u00e4gt Gesch\u00e4ftszahlen<\/h2>\n\t  \t<\/a>\n\n\n\t\t  \n\n\t\t<\/div>\n\t<\/div>\n\n\n\t<div class=\"col-12 \">\n\t\t<div class=\"news-item\">\n\t\t<a href=\"https:\/\/espg.space\/wp-content\/uploads\/2024\/03\/20240321_CN_ESPG-AG-Abstimmung-erfolgreich_DE.pdf\" target=\"_blank\">\n\t\t\t<div>21. M\u00e4rz. 2024<\/div>\n\t\t    <h2>ESPG AG: Anleihegl\u00e4ubiger stimmen f\u00fcr vorsorglichen Covenant-Waiver und potenzielle Anleiheaufstockung<\/h2>\n\t  \t<\/a>\n\n\n\t\t  \n\n\t\t<\/div>\n\t<\/div>\n\n\n\t<div class=\"col-12 \">\n\t\t<div class=\"news-item\">\n\t\t<a href=\"https:\/\/espg.space\/wp-content\/uploads\/2024\/03\/20240318_CN_ESPG_Abstimmung-ab-sofort-moglich_DE-1.pdf\" target=\"_blank\">\n\t\t\t<div>18. M\u00e4rz. 2024<\/div>\n\t\t    <h2>ESPG-Anleihe: Mehr als 50 % der Anleihegl\u00e4ubiger f\u00fcr das schriftliche Abstimmungsverfahren angemeldet \u2013 Abstimmung ab sofort m\u00f6glich<\/h2>\n\t  \t<\/a>\n\n\n\t\t  \n\n\t\t<\/div>\n\t<\/div>\n\n\n\t<div class=\"col-12 \">\n\t\t<div class=\"news-item\">\n\t\t<a href=\"https:\/\/espg.space\/wp-content\/uploads\/2024\/03\/20240312_CN_ESPG_Gegenantrag_DE.pdf\" target=\"_blank\">\n\t\t\t<div>12. M\u00e4rz. 2024<\/div>\n\t\t    <h2>ESPG Anleihe: Anmeldefrist f\u00fcr Abstimmung endet am 15. M\u00e4rz 2024 \u2013 Quorum noch nicht erreicht \u2013 Empfehlung zur Annahme des Gegenantrags<\/h2>\n\t  \t<\/a>\n\n\n\t\t  \n\n\t\t<\/div>\n\t<\/div>\n\n\n\t<div class=\"col-12 \">\n\t\t<div class=\"news-item\">\n\t\t<a href=\"https:\/\/espg.space\/wp-content\/uploads\/2024\/03\/20240311_CN_ESPG_Gute-Resonanz-fur-Beschlussvorschlage-zur-Anderung-der-Anleihebedingungen-und-Einladung-zum-Management-Call-fur-Anleihe-Investoren_DE.pdf\" target=\"_blank\">\n\t\t\t<div>11. M\u00e4rz. 2024<\/div>\n\t\t    <h2>Gute Resonanz f\u00fcr Beschlussvorschl\u00e4ge zur \u00c4nderung der Anleihebedingungen und Einladung zum Management-Call f\u00fcr Anleihe-Investoren<\/h2>\n\t  \t<\/a>\n\n\n\t\t  \n\n\t\t<\/div>\n\t<\/div>\n\n\n\t<div class=\"col-12 \">\n\t\t<div class=\"news-item\">\n\t\t<a href=\"https:\/\/espg.space\/wp-content\/uploads\/2024\/02\/20240216_CN_ESPG-mit-stabilem-Portfoliowert-bei-steigenden-Mieteinnahmen-im-Geschaftsjahr-2023_DE.pdf\" target=\"_blank\">\n\t\t\t<div>16. Feb.. 2024<\/div>\n\t\t    <h2>ESPG mit stabilem Portfoliowert bei steigenden Mieteinnahmen im Gesch\u00e4ftsjahr 2023<\/h2>\n\t  \t<\/a>\n\n\n\t\t  \n\n\t\t<\/div>\n\t<\/div>\n\n\n\t<div class=\"col-12 \">\n\t\t<div class=\"news-item\">\n\t\t<a href=\"https:\/\/espg.space\/wp-content\/uploads\/2024\/02\/20240124_ESPG_CN_DE.pdf\" target=\"_blank\">\n\t\t\t<div>24. Jan.. 2024<\/div>\n\t\t    <h2>ESPG gewinnt DLR als Mieter f\u00fcr Science Park BlueCircle: Neue \u00c4ra f\u00fcr Luft- und Raumfahrtforschung in W\u00fcrselen<\/h2>\n\t  \t<\/a>\n\n\n\t\t  \n\n\t\t<\/div>\n\t<\/div>\n\n\n\t<div class=\"col-12 \">\n\t\t<div class=\"news-item\">\n\t\t<a href=\"https:\/\/espg.space\/wp-content\/uploads\/2024\/02\/20240115_ESPG_CN_DE.pdf\" target=\"_blank\">\n\t\t\t<div>15. Jan.. 2024<\/div>\n\t\t    <h2>ESPG: Erfolgreiches Jahr 2023 und optimistischer Ausblick f\u00fcr 2024<\/h2>\n\t  \t<\/a>\n\n\n\t\t  \n\n\t\t<\/div>\n\t<\/div>\n\n\n\t<div class=\"col-12 \">\n\t\t<div class=\"news-item\">\n\t\t<a href=\"https:\/\/espg.space\/wp-content\/uploads\/2024\/02\/20231130_ESPG_CN_DE.pdf\" target=\"_blank\">\n\t\t\t<div>30. Nov.. 2023<\/div>\n\t\t    <h2>ESPG vermeldet weitere Erfolge bei der Umsetzung der Finanzierungsstrategie<\/h2>\n\t  \t<\/a>\n\n\n\t\t  \n\n\t\t<\/div>\n\t<\/div>\n\n\n\t<div class=\"col-12 \">\n\t\t<div class=\"news-item\">\n\t\t<a href=\"https:\/\/espg.space\/wp-content\/uploads\/2024\/02\/20231010_ESPG_CN_DE.pdf\" target=\"_blank\">\n\t\t\t<div>10. Okt.. 2023<\/div>\n\t\t    <h2>ESPG AG: erste Zinszahlung f\u00fcr prolongierte Anleihe 2018\/2026 erfolgt<\/h2>\n\t  \t<\/a>\n\n\n\t\t  \n\n\t\t<\/div>\n\t<\/div>\n\n\n\t<div class=\"col-12 \">\n\t\t<div class=\"news-item\">\n\t\t<a href=\"https:\/\/espg.space\/wp-content\/uploads\/2024\/02\/20230929_ESPG_CN_DE.pdf\" target=\"_blank\">\n\t\t\t<div>29. Sep.. 2023<\/div>\n\t\t    <h2>ESPG gibt neues Darlehen \u00fcber 10,4 Mio. Euro und den Start der neuen Anleihebedingungen bekannt es loan of 10.4 million euro and start of new bond conditions<\/h2>\n\t  \t<\/a>\n\n\n\t\t  \n\n\t\t<\/div>\n\t<\/div>\n\n\n\t<div class=\"col-12 \">\n\t\t<div class=\"news-item\">\n\t\t<a href=\"https:\/\/espg.space\/wp-content\/uploads\/2024\/02\/230807_ESPG_CN_DE.pdf\" target=\"_blank\">\n\t\t\t<div>07. Aug.. 2023<\/div>\n\t\t    <h2>ESPG AG: Anleihegl\u00e4ubiger stimmen \u00c4nderungen der Anleihebedingungen auf der ersten Gl\u00e4ubigerversammlung zu<\/h2>\n\t  \t<\/a>\n\n\n\t\t  \n\n\t\t<\/div>\n\t<\/div>\n\n\n\t<div class=\"col-12 \">\n\t\t<div class=\"news-item\">\n\t\t<a href=\"https:\/\/espg.space\/wp-content\/uploads\/2024\/02\/20230630_ESPG_CN_DE.pdf\" target=\"_blank\">\n\t\t\t<div>30. Juni. 2023<\/div>\n\t\t    <h2>ESPG AG gibt Verl\u00e4ngerung der Umtauschfrist des \u00f6ffentlichen Umtauschangebots bis 7. Juli 2023 bekannt<\/h2>\n\t  \t<\/a>\n\n\n\t\t  \n\n\t\t<\/div>\n\t<\/div>\n\n\n\t<div class=\"col-12 \">\n\t\t<div class=\"news-item\">\n\t\t<a href=\"https:\/\/espg.space\/wp-content\/uploads\/2024\/02\/20230622_ESPG_CN_DE.pdf\" target=\"_blank\">\n\t\t\t<div>22. Juni. 2023<\/div>\n\t\t    <h2>ESPG meldet weitere Vermietungserfolge und st\u00f6\u00dft auf gute Resonanz beim \u00f6ffentlichen Umtauschangebot f\u00fcr die Anleihe 2018\/2023<\/h2>\n\t  \t<\/a>\n\n\n\t\t  \n\n\t\t<\/div>\n\t<\/div>\n\n\n\t<div class=\"col-12 \">\n\t\t<div class=\"news-item\">\n\t\t<a href=\"https:\/\/espg.space\/wp-content\/uploads\/2024\/02\/20230612_ESPG_CN_DE.pdf\" target=\"_blank\">\n\t\t\t<div>12. Juni. 2023<\/div>\n\t\t    <h2>ESPG AG startet Umtauschangebot f\u00fcr Anleihe 2018\/2023<\/h2>\n\t  \t<\/a>\n\n\n\t\t  \n\n\t\t<\/div>\n\t<\/div>\n\n\n\t<div class=\"col-12 \">\n\t\t<div class=\"news-item\">\n\t\t<a href=\"https:\/\/espg.space\/wp-content\/uploads\/2024\/02\/20230606_ESPG_CN_DE.pdf\" target=\"_blank\">\n\t\t\t<div>06. Juni. 2023<\/div>\n\t\t    <h2>ESPG AG ver\u00f6ffentlicht den Gesch\u00e4ftsbericht 2022 und blickt auf ein au\u00dferordentlich erfolgreiches Jahr zur\u00fcck<\/h2>\n\t  \t<\/a>\n\n\n\t\t  \n\n\t\t<\/div>\n\t<\/div>\n\n\n\t<div class=\"col-12 \">\n\t\t<div class=\"news-item\">\n\t\t<a href=\"https:\/\/espg.space\/wp-content\/uploads\/2024\/02\/20230602_ESPG_CN_DE.pdf\" target=\"_blank\">\n\t\t\t<div>02. Juni. 2023<\/div>\n\t\t    <h2>ESPG verl\u00e4ngert Mietvertrag mit Ankermieter im Science Park \u201eLab City\u201c bis zum Jahr 2033<\/h2>\n\t  \t<\/a>\n\n\n\t\t  \n\n\t\t<\/div>\n\t<\/div>\n\n\n\t<div class=\"col-12 \">\n\t\t<div class=\"news-item\">\n\t\t<a href=\"https:\/\/espg.space\/wp-content\/uploads\/2024\/02\/20230508_ESPG_CN_DE.pdf\" target=\"_blank\">\n\t\t\t<div>08. Mai. 2023<\/div>\n\t\t    <h2>ESPG AG mit positiver Umsatz- und Ergebnisentwicklung im Gesch\u00e4ftsjahr 2022<\/h2>\n\t  \t<\/a>\n\n\n\t\t  \n\n\t\t<\/div>\n\t<\/div>\n\n\n\t<div class=\"col-12 \">\n\t\t<div class=\"news-item\">\n\t\t<a href=\"https:\/\/espg.space\/wp-content\/uploads\/2024\/02\/20230424_ESPG_CN_DE.pdf\" target=\"_blank\">\n\t\t\t<div>04. Apr.. 2023<\/div>\n\t\t    <h2>ESPG AG pr\u00fcft Refinanzierungsoptionen f\u00fcr die Unternehmensanleihe 2018\/2023 und mandatiert Quirin Privatbank AG<\/h2>\n\t  \t<\/a>\n\n\n\t\t  \n\n\t\t<\/div>\n\t<\/div>\n\n\n\t<div class=\"col-12 \">\n\t\t<div class=\"news-item\">\n\t\t<a href=\"https:\/\/espg.space\/wp-content\/uploads\/2024\/02\/20230309_ESPG_CN_DE.pdf\" target=\"_blank\">\n\t\t\t<div>09. M\u00e4rz. 2023<\/div>\n\t\t    <h2>In Forschung investieren: Der Life Sciences &#038; TechImmobilienmarkt in Deutschland<\/h2>\n\t  \t<\/a>\n\n\n\t\t  \n\n\t\t<\/div>\n\t<\/div>\n\n\n\t<div class=\"col-12 \">\n\t\t<div class=\"news-item\">\n\t\t<a href=\"https:\/\/www.eqs-news.com\/de\/news\/corporate\/espg-ag-espg-ag-european-science-park-group-wird-mitglied-im-bundesverband-deutscher-innovationszentren\/1760109\" target=\"_blank\">\n\t\t\t<div>23. Feb.. 2023<\/div>\n\t\t    <h2>ESPG AG: ESPG AG (European Science Park Group) wird Mitglied im Bundesverband Deutscher Innovationszentren<\/h2>\n\t  \t<\/a>\n\n\n\t\t  \n\n\t\t<\/div>\n\t<\/div>\n\n\n\t<div class=\"col-12 \">\n\t\t<div class=\"news-item\">\n\t\t<a href=\"https:\/\/www.eqs-news.com\/de\/news\/corporate\/espg-ag-espg-ag-european-science-park-group-platziert-weitere-unbesicherte-unternehmensanleihen\/1697345\" target=\"_blank\">\n\t\t\t<div>23. Nov.. 2022<\/div>\n\t\t    <h2>ESPG AG: ESPG AG (European Science Park Group) platziert weitere unbesicherte Unternehmensanleihen<\/h2>\n\t  \t<\/a>\n\n\n\t\t  \n\n\t\t<\/div>\n\t<\/div>\n\n\n\n\n<\/div>\n\n\t<\/div>\n\n<\/div>\n\n<\/div>\n\n<div style=\"height:50px\" aria-hidden=\"true\" class=\"wp-block-spacer\"><\/div>\n\n<div style=\"height:100px\" aria-hidden=\"true\" class=\"wp-block-spacer\"><\/div>\n","protected":false},"excerpt":{"rendered":"","protected":false},"author":5,"featured_media":0,"parent":2551,"menu_order":2,"comment_status":"closed","ping_status":"closed","template":"templates\/blank.php","meta":{"_acf_changed":false,"footnotes":""},"class_list":["post-3012","page","type-page","status-publish","hentry"],"acf":[],"featured_image_src":null,"_links":{"self":[{"href":"https:\/\/espg.space\/de\/wp-json\/wp\/v2\/pages\/3012","targetHints":{"allow":["GET"]}}],"collection":[{"href":"https:\/\/espg.space\/de\/wp-json\/wp\/v2\/pages"}],"about":[{"href":"https:\/\/espg.space\/de\/wp-json\/wp\/v2\/types\/page"}],"author":[{"embeddable":true,"href":"https:\/\/espg.space\/de\/wp-json\/wp\/v2\/users\/5"}],"replies":[{"embeddable":true,"href":"https:\/\/espg.space\/de\/wp-json\/wp\/v2\/comments?post=3012"}],"version-history":[{"count":11,"href":"https:\/\/espg.space\/de\/wp-json\/wp\/v2\/pages\/3012\/revisions"}],"predecessor-version":[{"id":5249,"href":"https:\/\/espg.space\/de\/wp-json\/wp\/v2\/pages\/3012\/revisions\/5249"}],"up":[{"embeddable":true,"href":"https:\/\/espg.space\/de\/wp-json\/wp\/v2\/pages\/2551"}],"wp:attachment":[{"href":"https:\/\/espg.space\/de\/wp-json\/wp\/v2\/media?parent=3012"}],"curies":[{"name":"wp","href":"https:\/\/api.w.org\/{rel}","templated":true}]}}