{"id":3961,"date":"2023-11-22T16:29:45","date_gmt":"2023-11-22T16:29:45","guid":{"rendered":"https:\/\/espg.space\/?page_id=3961"},"modified":"2026-04-17T14:32:46","modified_gmt":"2026-04-17T13:32:46","slug":"karriere","status":"publish","type":"page","link":"https:\/\/espg.space\/de\/company\/karriere\/","title":{"rendered":"Karriere"},"content":{"rendered":"\n<div class=\"wp-block-cover is-light has-parallax parallax\" style=\"min-height:300px;aspect-ratio:unset;\"><span aria-hidden=\"true\" class=\"wp-block-cover__background has-background-dim-10 has-background-dim\"><\/span><div role=\"img\" class=\"wp-block-cover__image-background wp-image-5269 has-parallax\" style=\"background-position:50% 50%;background-image:url(https:\/\/espg.space\/wp-content\/uploads\/2024\/02\/Wuerselen_Header_neu-scaled.jpg)\"><\/div><div class=\"wp-block-cover__inner-container is-layout-flow wp-block-cover-is-layout-flow\"><h1 style=\"text-transform:uppercase;\" class=\"has-text-align-center wp-block-post-title has-text-color has-white-color\">Karriere<\/h1><\/div><\/div>\n\n\n\n<div style=\"height:100px\" aria-hidden=\"true\" class=\"wp-block-spacer\"><\/div>\n\n\n<div class=\"wp-bootstrap-blocks-container container mb-2\">\n\t\n\n<p><strong>Wir bei ESPG schaffen gemeinsam R\u00e4ume, die den komplexen Anspr\u00fcchen von innovativen Unternehmen gerecht werden &#8211; von hochspezialisierten Labors und Reinr\u00e4umen bis zu B\u00fcros und Lagerr\u00e4umen. Wir glauben an die Schaffung eines Umfelds, in dem innovative Ideen, Meinungen und Perspektiven gedeihen k\u00f6nnen.<\/strong><\/p>\n\n\n\n<div style=\"height:50px\" aria-hidden=\"true\" class=\"wp-block-spacer\"><\/div>\n\n<\/div>\n\n\n<div class=\"wp-bootstrap-blocks-container container mb-2\">\n\t\n<div class=\"wp-bootstrap-blocks-row row\">\n\t\n\n<div class=\"col-12 col-md-12\">\n\t\t\t\n\n<h3 class=\"wp-block-heading\"><span class=\"color-brand\">Leidenschaft f\u00fcr Life Science &amp; Tech Real Estate<\/span><\/h3>\n\n\n\n<p><\/p>\n\n\n\n<p>Unser Team verf\u00fcgt nicht nur \u00fcber langj\u00e4hrige Erfahrungen und eine zukunftsorientierte Denkweise, sondern auch \u00fcber die F\u00e4higkeit, neue Wege zu beschreiten. <\/p>\n\n\n\n<p><strong>Aktuelle Stellenausschreibungen:<\/strong><\/p>\n\n\n\n<p><a href=\"https:\/\/espg.space\/wp-content\/uploads\/2026\/04\/20260416_Stellenbeschreibung_Werksstudent_ESPG_AG.pdf\" data-type=\"link\" data-id=\"https:\/\/espg.space\/wp-content\/uploads\/2025\/10\/Stellenbeschreibung_Vermietungsmanager_ESPG_AG.pdf\">Werkstudent (m\/w\/d)<\/a><\/p>\n\n\n\n<p><a href=\"https:\/\/espg.space\/wp-content\/uploads\/2025\/10\/Stellenbeschreibung_Vermietungsmanager_ESPG_AG.pdf\" data-type=\"link\" data-id=\"https:\/\/espg.space\/wp-content\/uploads\/2025\/10\/Stellenbeschreibung_Vermietungsmanager_ESPG_AG.pdf\">Asset- und Vermietungsmanager (m\/w\/d)<\/a><\/p>\n\n\n\n<p><a href=\"https:\/\/espg.space\/wp-content\/uploads\/2025\/10\/Stellenbeschreibung_MK_Assistenz_ESPG_AG.pdf\" data-type=\"link\" data-id=\"https:\/\/espg.space\/wp-content\/uploads\/2025\/10\/Stellenbeschreibung_MK_Assistenz_ESPG_AG.pdf\">Event- &amp; Marketingassistenz (m\/w\/d)<\/a><\/p>\n\n\n\n<p><br>Schauen Sie gerne zu einem sp\u00e4teren Zeitpunkt wieder vorbei \u2013 wir freuen uns auf Ihr Interesse!<\/p>\n\n\t<\/div>\n\n<\/div>\n\n<\/div>\n\n\n\n<div style=\"height:100px\" aria-hidden=\"true\" class=\"wp-block-spacer\"><\/div>\n","protected":false},"excerpt":{"rendered":"","protected":false},"author":5,"featured_media":0,"parent":2547,"menu_order":18,"comment_status":"closed","ping_status":"closed","template":"templates\/blank.php","meta":{"_acf_changed":false,"footnotes":""},"class_list":["post-3961","page","type-page","status-publish","hentry"],"acf":[],"featured_image_src":null,"_links":{"self":[{"href":"https:\/\/espg.space\/de\/wp-json\/wp\/v2\/pages\/3961","targetHints":{"allow":["GET"]}}],"collection":[{"href":"https:\/\/espg.space\/de\/wp-json\/wp\/v2\/pages"}],"about":[{"href":"https:\/\/espg.space\/de\/wp-json\/wp\/v2\/types\/page"}],"author":[{"embeddable":true,"href":"https:\/\/espg.space\/de\/wp-json\/wp\/v2\/users\/5"}],"replies":[{"embeddable":true,"href":"https:\/\/espg.space\/de\/wp-json\/wp\/v2\/comments?post=3961"}],"version-history":[{"count":19,"href":"https:\/\/espg.space\/de\/wp-json\/wp\/v2\/pages\/3961\/revisions"}],"predecessor-version":[{"id":6449,"href":"https:\/\/espg.space\/de\/wp-json\/wp\/v2\/pages\/3961\/revisions\/6449"}],"up":[{"embeddable":true,"href":"https:\/\/espg.space\/de\/wp-json\/wp\/v2\/pages\/2547"}],"wp:attachment":[{"href":"https:\/\/espg.space\/de\/wp-json\/wp\/v2\/media?parent=3961"}],"curies":[{"name":"wp","href":"https:\/\/api.w.org\/{rel}","templated":true}]}}