{"id":5077,"date":"2023-10-19T10:45:09","date_gmt":"2023-10-19T09:45:09","guid":{"rendered":"https:\/\/espg.space\/?page_id=5077"},"modified":"2024-02-20T16:34:36","modified_gmt":"2024-02-20T16:34:36","slug":"mission","status":"publish","type":"page","link":"https:\/\/espg.space\/de\/company\/mission\/","title":{"rendered":"Mission"},"content":{"rendered":"\n<div class=\"wp-block-cover is-light has-parallax parallax\" style=\"min-height:300px;aspect-ratio:unset;\"><span aria-hidden=\"true\" class=\"wp-block-cover__background has-background-dim-10 has-background-dim\"><\/span><div role=\"img\" class=\"wp-block-cover__image-background wp-image-5269 has-parallax\" style=\"background-position:50% 50%;background-image:url(https:\/\/espg.space\/wp-content\/uploads\/2024\/02\/Wuerselen_Header_neu-scaled.jpg)\"><\/div><div class=\"wp-block-cover__inner-container is-layout-flow wp-block-cover-is-layout-flow\"><h1 style=\"text-transform:uppercase;\" class=\"has-text-align-center wp-block-post-title has-text-color has-white-color\">Mission<\/h1><\/div><\/div>\n\n<div style=\"height:100px\" aria-hidden=\"true\" class=\"wp-block-spacer\"><\/div>\n<div class=\"wp-bootstrap-blocks-container container mb-2\">\n\t\n\n<p><strong>Als Experte f\u00fcr Wissenschaftsparks ist es unsere Aufgabe, eine lebendige und zukunftsorientierte Atmosph\u00e4re zu schaffen, in der wissenschaftliche Forschung, technologischer Fortschritt und Innovation gef\u00f6rdert werden. Mit unseren Investitionen f\u00f6rdern wir innovative L\u00f6sungen f\u00fcr die Herausforderungen von morgen.<\/strong><\/p>\n\n\n\n<div style=\"height:50px\" aria-hidden=\"true\" class=\"wp-block-spacer\"><\/div>\n\n<\/div>\n<div class=\"wp-bootstrap-blocks-container container mb-2\">\n\t\n<div class=\"wp-bootstrap-blocks-row row\">\n\t\n\n<div class=\"col-12 col-md-12\">\n\t\t\t\n\n<h3 class=\"wp-block-heading\"><span class=\"color-brand\"><strong>Leidenschaft f\u00fcr Life Science &amp; Tech Real Estate<\/strong><\/span><\/h3>\n\n\n\n<p><\/p>\n\n\n\n<p>Unsere Leidenschaft f\u00fcr Life Science und Tech Real Estate zeigt sich in der Zusammenarbeit mit f\u00fchrenden Forschungsunternehmen. Wir bieten unseren Kunden hochspezialisierte Fl\u00e4chen, die auf deren Bed\u00fcrfnisse zugeschnitten sind. So schaffen wir die optimale Umgebung f\u00fcr langfristige Mieter und Finanzierungspartner. Diese Konstellation erm\u00f6glicht ein Wachstum f\u00fcr alle Beteiligten.<\/p>\n\n\n\n<div style=\"height:50px\" aria-hidden=\"true\" class=\"wp-block-spacer\"><\/div>\n\n\n\n<h3 class=\"wp-block-heading\"><span class=\"color-brand\"><strong>Hochmoderne Einrichtungen f\u00fcr die Wissenschaft<\/strong><\/span><\/h3>\n\n\n\n<p><\/p>\n\n\n\n<p>Unsere Mission als Science Park Unternehmen ist es, ein dynamisches und innovatives Umfeld zu schaffen, das Wissenschaft, Forschung und Technologie f\u00f6rdert. Unser Ziel ist es, unseren Kunden hochmoderne Einrichtungen und ma\u00dfgeschneiderte R\u00e4umlichkeiten bereitzustellen. Wir nutzen unsere langj\u00e4hrige Erfahrung und unser weitreichendes Netzwerk in der Branche, um ein florierendes Umfeld zu schaffen. Dieses erm\u00f6glicht Synergien zwischen Unternehmen, Forschungseinrichtungen und Universit\u00e4ten. Dabei ist es unser Anspruch, eine Plattform f\u00fcr Wissensaustausch, Zusammenarbeit und Wachstum zu schaffen. So f\u00f6rdern wir Innovation und Fortschritt in Life Sciences und verwandten Bereichen.<\/p>\n\n\t<\/div>\n\n<\/div>\n\n<\/div>\n\n<div style=\"height:100px\" aria-hidden=\"true\" class=\"wp-block-spacer\"><\/div>\n","protected":false},"excerpt":{"rendered":"","protected":false},"author":1,"featured_media":0,"parent":2547,"menu_order":14,"comment_status":"closed","ping_status":"closed","template":"templates\/blank.php","meta":{"_acf_changed":false,"footnotes":""},"class_list":["post-5077","page","type-page","status-publish","hentry"],"acf":[],"featured_image_src":null,"_links":{"self":[{"href":"https:\/\/espg.space\/de\/wp-json\/wp\/v2\/pages\/5077","targetHints":{"allow":["GET"]}}],"collection":[{"href":"https:\/\/espg.space\/de\/wp-json\/wp\/v2\/pages"}],"about":[{"href":"https:\/\/espg.space\/de\/wp-json\/wp\/v2\/types\/page"}],"author":[{"embeddable":true,"href":"https:\/\/espg.space\/de\/wp-json\/wp\/v2\/users\/1"}],"replies":[{"embeddable":true,"href":"https:\/\/espg.space\/de\/wp-json\/wp\/v2\/comments?post=5077"}],"version-history":[{"count":4,"href":"https:\/\/espg.space\/de\/wp-json\/wp\/v2\/pages\/5077\/revisions"}],"predecessor-version":[{"id":5081,"href":"https:\/\/espg.space\/de\/wp-json\/wp\/v2\/pages\/5077\/revisions\/5081"}],"up":[{"embeddable":true,"href":"https:\/\/espg.space\/de\/wp-json\/wp\/v2\/pages\/2547"}],"wp:attachment":[{"href":"https:\/\/espg.space\/de\/wp-json\/wp\/v2\/media?parent=5077"}],"curies":[{"name":"wp","href":"https:\/\/api.w.org\/{rel}","templated":true}]}}